{"id":47,"date":"2024-08-12T16:08:10","date_gmt":"2024-08-12T14:08:10","guid":{"rendered":"http:\/\/admin_iu996dyb"},"modified":"2025-09-08T21:45:09","modified_gmt":"2025-09-08T19:45:09","slug":"accesibilidad","status":"publish","type":"page","link":"https:\/\/www.thaisribopsicologia.com\/ca\/accesibilidad\/","title":{"rendered":"Accessibilitat"},"content":{"rendered":"<p>THAIS RIB\u00d3 ANDORR\u00c0 s'ha comprom\u00e8s a fer accessibles els seus llocs web de conformitat amb el Reial decret 1112\/2018, de 7 de setembre, sobre accessibilitat dels llocs web i aplicacions per a dispositius m\u00f2bils del sector p\u00fablic.<\/p>\n\n\n\n<p>Aquesta declaraci\u00f3 d'accessibilitat s'aplica al lloc web thaisribopsicologia.com<\/p>\n\n\n\n<h2 class=\"wp-block-heading\"><strong>SITUACI\u00d3 DE COMPLIMENT<\/strong><\/h2>\n\n\n\n<p>Aquest lloc web \u00e9s parcialment conforme amb el RD 1112\/2018 a causa de les excepcions i la manca de conformitat dels aspectes que s'indiquen a continuaci\u00f3.<\/p>\n\n\n\n<h2 class=\"wp-block-heading\"><strong>CONTINGUT NO ACCESSIBLE<\/strong><\/h2>\n\n\n\n<p>El contingut que es recull a continuaci\u00f3 no \u00e9s accessible pel seg\u00fcent:&nbsp;<\/p>\n\n\n\n<ul class=\"wp-block-list\">\n<li>Manca de conformitat amb el RD 1112\/2018:<\/li>\n\n\n\n<li>Poden existir continguts en altres idiomes en qu\u00e8 no est\u00e0 correctament etiquetat el canvi d'idioma<\/li>\n\n\n\n<li>Els elements multim\u00e8dia nom\u00e9s \u00e0udio poden no tenir alternativa<\/li>\n\n\n\n<li>Poden existir v\u00eddeos sense subt\u00edtols<\/li>\n\n\n\n<li>Hi ha contingut textual sense un contrast suficient<\/li>\n\n\n\n<li>S'observa com en alguns casos el focus no compleix amb la m\u00ednima r\u00e0tio de contrast requerida<\/li>\n\n\n\n<li>En algun cas pot produir-se solapament de contingut<\/li>\n\n\n\n<li>Pueden existir documentos PDF con problemas de accesibilidad<\/li>\n\n\n\n<li>C\u00e0rrega desproporcionada:<\/li>\n\n\n\n<li>No aplica.<\/li>\n\n\n\n<li>Contingut no entra dins l'\u00e0mbit de la legislaci\u00f3 aplicable:<\/li>\n\n\n\n<li>Poden existir documents en format PDF publicats abans del 20 de setembre de 2018 que no compleixin totalment tots els requisits d'accessibilitat.<\/li>\n<\/ul>\n\n\n\n<h2 class=\"wp-block-heading\"><strong>PREPARACI\u00d3 DE LA PRESENT DECLARACI\u00d3 D'ACCESSIBILITAT<\/strong><\/h2>\n\n\n\n<p>Aquesta declaraci\u00f3 va ser preparada l'11 d'abril del 2024.<\/p>\n\n\n\n<p>El m\u00e8tode emprat per a aquesta declaraci\u00f3 ha estat una autoavaluaci\u00f3.<\/p>\n\n\n\n<p>\u00daltima revisi\u00f3 de la declaraci\u00f3: 11 d'abril del 2024.<\/p>\n\n\n\n<h2 class=\"wp-block-heading\"><strong>OBSERVACIONS I DADES DE CONTACTE<\/strong><\/h2>\n\n\n\n<p>Comunicacions sobre requisits daccessibilitat<\/p>\n\n\n\n<p>Puede realizar comunicaciones sobre requisitos de accesibilidad (art\u00edculo 10.2.a del RD 1112\/2018) como, por ejemplo:<\/p>\n\n\n\n<ul class=\"wp-block-list\">\n<li>Informar sobre qualsevol possible incompliment per part d'aquest lloc web<\/li>\n\n\n\n<li>Transmetre altres dificultats d'acc\u00e9s al contingut<\/li>\n\n\n\n<li>Formular qualsevol altra consulta o suggeriment de millora relativa a l'accessibilitat del lloc web<\/li>\n<\/ul>\n\n\n\n<p>a trav\u00e9s del formulari de contacte d'aquest lloc web (<strong>thaisribopsicologia.com\/contacto<\/strong>) oa trav\u00e9s del n\u00famero de tel\u00e8fon: +34699843175<\/p>\n\n\n\n<h3 class=\"wp-block-heading\"><strong>Sol\u00b7licituds d'informaci\u00f3 accessible i queixes<\/strong><\/h3>\n\n\n\n<p>A trav\u00e9s del formulario de solicitudes de informaci\u00f3n accesible y de quejas en materia de quejas de accesibilidad puede presentar:<\/p>\n\n\n\n<ul class=\"wp-block-list\">\n<li>una queixa relativa al compliment dels requisits del RD 1112\/2018 o<\/li>\n\n\n\n<li>una sol\u00b7licitud d'informaci\u00f3 accessible relativa a:<\/li>\n\n\n\n<li>contenidos que est\u00e1n excluidos del \u00e1mbito de aplicaci\u00f3n del RD 1112\/2018 seg\u00fan lo establecido por el art\u00edculo 3, apartado 4<\/li>\n\n\n\n<li>continguts que estan exempts del compliment dels requisits daccessibilitat per imposar una c\u00e0rrega desproporcionada.<\/li>\n<\/ul>\n\n\n\n<p>En la Solicitud de informaci\u00f3n accesible, se debe concretar, con toda claridad, los hechos, razones y petici\u00f3n que permitan constatar que se trata de una solicitud razonable y leg\u00edtima.<\/p>\n\n\n\n<p>Les queixes i reclamacions sobre informaci\u00f3 accessible es realitzaran a trav\u00e9s de la seu electr\u00f2nica (https:\/\/sede.red.gob.es\/procedimientos\/quejas-y-sugerencias), i seran rebudes i tractades per l'\u00e0rea de Sistemes de la Informaci\u00f3 de Red.es.<\/p>\n\n\n\n<h3 class=\"wp-block-heading\"><strong>PROCEDIMENT D'APLICACI\u00d3<\/strong><\/h3>\n\n\n\n<p>Si una vegada realitzada una sol\u00b7licitud d'informaci\u00f3 accessible o queixa, aquesta ha estat desestimada, no s'estigu\u00e9s d'acord amb la decisi\u00f3 adoptada, o la resposta no compl\u00eds els requisits que preveu l'article 12.5 del RD 1112\/2018, la persona interessada podr\u00e0 iniciar una reclamaci\u00f3. Igualment es podr\u00e0 iniciar una reclamaci\u00f3 en cas de no haver obtingut resposta.<\/p>\n\n\n\n<p>El procediment reclamaci\u00f3 recollit a l'article 13 del RD 1112\/2018, es pot iniciar a trav\u00e9s del formulari de contacte d'aquest lloc web (<strong>thaisribopsicologia.com\/contacto<\/strong>) oa trav\u00e9s del n\u00famero de tel\u00e8fon: +34699843175<\/p>\n\n\n\n<p>Les reclamacions seran rebudes i tractades per THAIS RIB\u00d3 ANDORR\u00c0<\/p>\n\n\n\n<h3 class=\"wp-block-heading\"><strong>CONTINGUT OPCIONAL<\/strong><\/h3>\n\n\n\n<p>El lloc web:<\/p>\n\n\n\n<ul class=\"wp-block-list\">\n<li>s'ha dissenyat adaptant-se als est\u00e0ndards i normatives vigents en relaci\u00f3 a l'accessibilitat, complint amb els punts de verificaci\u00f3 de prioritat 2 (AA) definits a l'especificaci\u00f3 de Pautes d'Accessibilitat al Contingut al Web (WCAG 2.1)<\/li>\n\n\n\n<li>est\u00e0 optimitzat per a les darreres versions vigents de Chrome, Edge, Firefox, Safari i Opera<\/li>\n\n\n\n<li>est\u00e0 dissenyat per a la correcta visualitzaci\u00f3 en qualsevol resoluci\u00f3 i dispositiu d'escriptori, tauletes o m\u00f2bils (disseny responsive)<\/li>\n\n\n\n<li>se ha realizado utilizando HTML5 como lenguaje de marcado y hojas de estilo CSS 3 para su dise\u00f1o<\/li>\n<\/ul>\n\n\n\n<p>Si voleu canviar la mida de lletra del text als principals navegadors gr\u00e0fics utilitzeu els men\u00fas seg\u00fcents:<\/p>\n\n\n\n<ul class=\"wp-block-list\">\n<li>Internet Explorer, Mozilla y Firefox: Ver &gt; Tama\u00f1o del texto<\/li>\n\n\n\n<li>Opera: Ver &gt; Zoom<\/li>\n\n\n\n<li>Safari: Ver &gt; Hacer el texto m\u00e1s grande<\/li>\n\n\n\n<li>Chrome: Controla la p\u00e1gina actual &gt; Tama\u00f1o del texto<\/li>\n\n\n\n<li>Para modificar el tama\u00f1o de todo en la p\u00e1gina:<\/li>\n\n\n\n<li>Ctrl + + para aumentarlo<\/li>\n\n\n\n<li>Ctrl + \u2013 para disminuirlo<\/li>\n\n\n\n<li>Ctrl + 0 restaura el tama\u00f1o original del texto<\/li>\n\n\n\n<li>Si el que voleu \u00e9s anul\u00b7lar el full d'estils o modificar el color del text, podeu consultar la p\u00e0gina How to Change Text Size or Colors de la WAI, que es pot llegir tradu\u00eft a l'espanyol a Com canviar la mida del text o colors?<\/li>\n<\/ul>","protected":false},"excerpt":{"rendered":"<p>THAIS RIB\u00d3 ANDORR\u00c0 se ha comprometido a hacer accesibles sus Sitios web de conformidad con el Real Decreto 1112\/2018, de 7 de septiembre, sobre accesibilidad de los sitios web y aplicaciones para dispositivos m\u00f3viles del sector p\u00fablico. La presente declaraci\u00f3n de accesibilidad se aplica al sitio web thaisribopsicologia.com SITUACI\u00d3N DE CUMPLIMIENTO Este sitio web es [&hellip;]<\/p>","protected":false},"author":1,"featured_media":0,"parent":0,"menu_order":0,"comment_status":"closed","ping_status":"closed","template":"","meta":{"footnotes":""},"class_list":["post-47","page","type-page","status-publish","hentry"],"_links":{"self":[{"href":"https:\/\/www.thaisribopsicologia.com\/ca\/wp-json\/wp\/v2\/pages\/47","targetHints":{"allow":["GET"]}}],"collection":[{"href":"https:\/\/www.thaisribopsicologia.com\/ca\/wp-json\/wp\/v2\/pages"}],"about":[{"href":"https:\/\/www.thaisribopsicologia.com\/ca\/wp-json\/wp\/v2\/types\/page"}],"author":[{"embeddable":true,"href":"https:\/\/www.thaisribopsicologia.com\/ca\/wp-json\/wp\/v2\/users\/1"}],"replies":[{"embeddable":true,"href":"https:\/\/www.thaisribopsicologia.com\/ca\/wp-json\/wp\/v2\/comments?post=47"}],"version-history":[{"count":2,"href":"https:\/\/www.thaisribopsicologia.com\/ca\/wp-json\/wp\/v2\/pages\/47\/revisions"}],"predecessor-version":[{"id":963,"href":"https:\/\/www.thaisribopsicologia.com\/ca\/wp-json\/wp\/v2\/pages\/47\/revisions\/963"}],"wp:attachment":[{"href":"https:\/\/www.thaisribopsicologia.com\/ca\/wp-json\/wp\/v2\/media?parent=47"}],"curies":[{"name":"wp","href":"https:\/\/api.w.org\/{rel}","templated":true}]}}