{"id":46,"date":"2024-08-12T16:08:10","date_gmt":"2024-08-12T14:08:10","guid":{"rendered":"http:\/\/admin_iu996dyb"},"modified":"2025-12-01T14:48:53","modified_gmt":"2025-12-01T13:48:53","slug":"politica-de-privacidad","status":"publish","type":"page","link":"https:\/\/www.thaisribopsicologia.com\/ca\/politica-de-privacidad\/","title":{"rendered":"Pol\u00edtica de privadesa"},"content":{"rendered":"<h2 class=\"wp-block-heading\"><strong>1. INFORMACI\u00d3 A L'USUARI<\/strong><\/h2>\n\n\n\n<p>THAIS RIB\u00d3 ANDORR\u00c0, com a Responsable del Tractament, us informa que, segons el que disposa el Reglament (UE) 2016\/679, de 27 d'abril, (RGPD) ia la L.O. 3\/2018, de 5 de desembre, de protecci\u00f3 de dades i garantia dels drets digitals (LOPDGDD), tractarem les vostres dades tal com reflectim en aquesta Pol\u00edtica de Privadesa.<\/p>\n\n\n\n<p>En aquesta Pol\u00edtica de Privadesa descrivim com recollim les vostres dades personals i per qu\u00e8 les recollim, qu\u00e8 fem amb elles, amb qui les compartim, com les protegim i les seves opcions pel que fa al tractament de les vostres dades personals.<\/p>\n\n\n\n<p>Aquesta Pol\u00edtica s'aplica al tractament de les vostres dades personals recollides per l'empresa per a la prestaci\u00f3 dels seus serveis. Si accepteu les mesures d'aquesta Pol\u00edtica, accepteu que tractem les vostres dades personals com es defineix en aquesta Pol\u00edtica.<\/p>\n\n\n\n<h2 class=\"wp-block-heading\"><strong>2. CONTACTE<\/strong><\/h2>\n\n\n\n<p>Denominaci\u00f3 social: THAIS RIB\u00d3 ANDORR\u00c0<\/p>\n\n\n\n<p>Nombre comercial: THAIS RIB\u00d3 ANDORR\u00c0<\/p>\n\n\n\n<p>CIF: 52309439X<\/p>\n\n\n\n<p>Domicilio: GRANER 20, 2 1<\/p>\n\n\n\n<p>e-mail: thaisribo@outlook.com<\/p>\n\n\n\n<h2 class=\"wp-block-heading\"><strong>3. PRINCIPIS CLAU<\/strong><\/h2>\n\n\n\n<p>Sempre hem estat compromesos amb prestar els nostres serveis amb el m\u00e9s alt grau de qualitat, cosa que inclou tractar les seves dades amb seguretat i transpar\u00e8ncia. Els nostres principis s\u00f3n:<\/p>\n\n\n\n<ul class=\"wp-block-list\">\n<li>Legalitat: Nom\u00e9s recopilarem les vostres Dades personals per a fins espec\u00edfics, expl\u00edcits i leg\u00edtims.<\/li>\n\n\n\n<li>Minimitzaci\u00f3 de dades: Limitem la recollida de dades de car\u00e0cter personal a all\u00f2 que \u00e9s estrictament rellevant i necessari per als fins per als quals s'han recopilat.<\/li>\n\n\n\n<li>Limitaci\u00f3n de la Finalidad: Solo recogeremos sus datos personales para los fines declarados y solo seg\u00fan sus deseos.<\/li>\n\n\n\n<li>Precisi\u00f3: Mantindrem les vostres dades personals exactes i actualitzades.<\/li>\n\n\n\n<li>Seguretat de les dades: Apliquem les mesures t\u00e8cniques i organitzatives adequades i proporcionals als riscos per garantir que les seves dades no pateixin danys, com ara divulgaci\u00f3 o acc\u00e9s no autoritzat, la destrucci\u00f3 accidental o il\u00b7l\u00edcita o la seva p\u00e8rdua accidental o alteraci\u00f3 i qualsevol altra forma de tractament il\u00b7l\u00edcit.<\/li>\n\n\n\n<li>Acc\u00e9s i Rectificaci\u00f3: Disposem de mitjans perqu\u00e8 accedeixi o rectifiqui les seves dades quan ho consideri oport\u00fa.<\/li>\n\n\n\n<li>Conservaci\u00f3: Conservem les vostres dades personals de manera legal i apropiada i nom\u00e9s mentre \u00e9s necessari per als fins per als que s'han recopilat.<\/li>\n\n\n\n<li>Les transfer\u00e8ncies internacionals: quan es doni el cas que les seves dades siguin transferides fora de la UE\/EEE es protegiran adequadament.<\/li>\n\n\n\n<li>Les transfer\u00e8ncies internacionals: quan es doni el cas que les seves dades siguin transferides fora de la UE\/EEE es protegiran adequadament.<\/li>\n\n\n\n<li>M\u00e0rqueting Directe i galetes: Complim amb la legislaci\u00f3 aplicable en mat\u00e8ria de publicitat i galetes.<\/li>\n<\/ul>\n\n\n\n<h3 class=\"wp-block-heading\"><strong>4. RECOLLIDA I TRACTAMENT DE LES SEVES DADES PERSONALS<\/strong><\/h3>\n\n\n\n<p>Els tipus de dades que es poden sol\u00b7licitar i tractar s\u00f3n:<\/p>\n\n\n\n<ul class=\"wp-block-list\">\n<li>Dades de car\u00e0cter identificatiu.<\/li>\n<\/ul>\n\n\n\n<p>Tamb\u00e9 recollim de forma autom\u00e0tica dades sobre la seva visita al nostre lloc web segons es descriu a la pol\u00edtica de cookies.<\/p>\n\n\n\n<p>Sempre que sol\u00b7licitem les vostres Dades personals, us informarem amb claredat de quines dades personals recollim i amb quina finalitat. En general, recollim i tractem les vostres dades personals amb el prop\u00f2sit de:<\/p>\n\n\n\n<ul class=\"wp-block-list\">\n<li>Proporcionar informaci\u00f3, serveis, productes, informaci\u00f3 rellevant i novetats al sector.<\/li>\n\n\n\n<li>Enviament de comunicacions.<\/li>\n<\/ul>\n\n\n\n<h3 class=\"wp-block-heading\"><strong>5. LEGITIMITAT<\/strong><\/h3>\n\n\n\n<p>D'acord amb la normativa de protecci\u00f3 de dades aplicable, les vostres dades personals es poden tractar sempre que:<\/p>\n\n\n\n<ul class=\"wp-block-list\">\n<li>Ens ha donat el consentiment als efectes del tractament. Per descomptat, podr\u00e0 retirar el seu consentiment en qualsevol moment.<\/li>\n\n\n\n<li>Per requeriment legal.<\/li>\n\n\n\n<li>Per existir un inter\u00e8s leg\u00edtim que no es vegi menyscabat pels seus drets de privadesa, com per exemple l'enviament d'informaci\u00f3 comercial b\u00e9 per subscripci\u00f3 a la nostra newsletter o per la seva condici\u00f3 de client.<\/li>\n\n\n\n<li>Per aix\u00f2 \u00e9s necess\u00e0ria per a la prestaci\u00f3 d'algun dels nostres serveis mitjan\u00e7ant relaci\u00f3 contractual entre vost\u00e8 i nosaltres.<\/li>\n<\/ul>\n\n\n\n<h3 class=\"wp-block-heading\"><strong>6. COMUNICACI\u00d3 DE DADES PERSONALS<\/strong><\/h3>\n\n\n\n<p>Les dades es poden comunicar a empreses relacionades amb THAIS RIB\u00d3 ANDORR\u00c0 per a la prestaci\u00f3 dels diversos serveis en qualitat d'Encarregats del Tractament. L'empresa no far\u00e0 cap cessi\u00f3, excepte per obligaci\u00f3 legal.<\/p>\n\n\n\n<h3 class=\"wp-block-heading\"><strong>7. ELS SEUS DRETS<\/strong><\/h3>\n\n\n\n<p>En relaci\u00f3 amb la recollida i tractament de les vostres dades personals, podeu posar-vos en contacte amb nosaltres en qualsevol moment per:<\/p>\n\n\n\n<ul class=\"wp-block-list\">\n<li>Accedir a les vostres dades personals ia qualsevol altra informaci\u00f3 indicada a l'article 15.1 del RGPD.<\/li>\n\n\n\n<li>Rectificar les dades personals que siguin inexactes o estiguin incompletes d'acord amb l'article 16 del RGPD.<\/li>\n\n\n\n<li>Suprimir les vostres dades personals d'acord amb l'article 17 del RGPD.<\/li>\n\n\n\n<li>Limitar el tratamiento de sus datos personales de acuerdo con el Art\u00edculo 18 del RGPD.<\/li>\n\n\n\n<li>Sol\u00b7licitar la portabilitat de les vostres dades d'acord amb l'article 20 del RGPD.<\/li>\n\n\n\n<li>Oposar-se al tractament de les vostres dades personals d'acord amb l'article 21 del RGPD.<\/li>\n<\/ul>\n\n\n\n<p>Si heu atorgat el vostre consentiment per a alguna finalitat concreta, teniu dret a retirar el consentiment atorgat en qualsevol moment, sense que aix\u00f2 afecti la licitud del tractament basat en el consentiment previ a la seva retirada rrhh.<\/p>\n\n\n\n<p>Podeu exercir aquests drets enviant comunicaci\u00f3, motivada i acreditada, a thaisribo@outlook.com<\/p>\n\n\n\n<p>Tamb\u00e9 t\u00e9 dret a presentar una reclamaci\u00f3 davant de l'Autoritat de control competent (www.aepd.es) si considera que el tractament no s'ajusta a la normativa vigent.<\/p>\n\n\n\n<h3 class=\"wp-block-heading\"><strong>8. INFORMACI\u00d3 LEGAL<\/strong><\/h3>\n\n\n\n<p>Els requisits d'aquesta Pol\u00edtica complementen, i no reemplacen, qualsevol altre requisit existent sota la llei de protecci\u00f3 de dades aplicable, que ser\u00e0 la que prevalgui en qualsevol cas.<\/p>\n\n\n\n<p>Aquesta Pol\u00edtica est\u00e0 subjecta a revisions peri\u00f2diques i l'empresa la pot modificar en qualsevol moment. Quan aix\u00f2 passi, us avisarem de qualsevol canvi i us demanarem que torneu a llegir la versi\u00f3 m\u00e9s recent de la nostra Pol\u00edtica i que confirmeu la seva acceptaci\u00f3.<\/p>","protected":false},"excerpt":{"rendered":"<p>1. INFORMACI\u00d3N AL USUARIO THAIS RIB\u00d3 ANDORR\u00c0, como Responsable del Tratamiento, le informa que, seg\u00fan lo dispuesto en el Reglamento (UE) 2016\/679, de 27 de abril, (RGPD) y en la L.O. 3\/2018, de 5 de diciembre, de protecci\u00f3n de datos y garant\u00eda de los derechos digitales (LOPDGDD), trataremos su datos tal y como reflejamos en [&hellip;]<\/p>","protected":false},"author":1,"featured_media":0,"parent":0,"menu_order":0,"comment_status":"closed","ping_status":"closed","template":"","meta":{"footnotes":""},"class_list":["post-46","page","type-page","status-publish","hentry"],"_links":{"self":[{"href":"https:\/\/www.thaisribopsicologia.com\/ca\/wp-json\/wp\/v2\/pages\/46","targetHints":{"allow":["GET"]}}],"collection":[{"href":"https:\/\/www.thaisribopsicologia.com\/ca\/wp-json\/wp\/v2\/pages"}],"about":[{"href":"https:\/\/www.thaisribopsicologia.com\/ca\/wp-json\/wp\/v2\/types\/page"}],"author":[{"embeddable":true,"href":"https:\/\/www.thaisribopsicologia.com\/ca\/wp-json\/wp\/v2\/users\/1"}],"replies":[{"embeddable":true,"href":"https:\/\/www.thaisribopsicologia.com\/ca\/wp-json\/wp\/v2\/comments?post=46"}],"version-history":[{"count":4,"href":"https:\/\/www.thaisribopsicologia.com\/ca\/wp-json\/wp\/v2\/pages\/46\/revisions"}],"predecessor-version":[{"id":1381,"href":"https:\/\/www.thaisribopsicologia.com\/ca\/wp-json\/wp\/v2\/pages\/46\/revisions\/1381"}],"wp:attachment":[{"href":"https:\/\/www.thaisribopsicologia.com\/ca\/wp-json\/wp\/v2\/media?parent=46"}],"curies":[{"name":"wp","href":"https:\/\/api.w.org\/{rel}","templated":true}]}}