{"id":45,"date":"2024-08-12T16:08:10","date_gmt":"2024-08-12T14:08:10","guid":{"rendered":"http:\/\/admin_iu996dyb"},"modified":"2025-09-08T21:43:13","modified_gmt":"2025-09-08T19:43:13","slug":"aviso-legal","status":"publish","type":"page","link":"https:\/\/www.thaisribopsicologia.com\/ca\/aviso-legal\/","title":{"rendered":"Av\u00eds legal"},"content":{"rendered":"<h2 class=\"wp-block-heading\"><strong>LLEI DELS SERVEIS DE LA SOCIETAT DE LA INFORMACI\u00d3 (LSSI)<\/strong><\/h2>\n\n\n\n<p>THAIS RIB\u00d3 ANDORR\u00c0., responsable del lloc web, d'ara endavant RESPONSABLE, posa a disposici\u00f3 dels usuaris aquest document, amb el qual pret\u00e9n donar compliment a les obligacions disposades a la Llei 34\/2002, d'11 de juliol, de Serveis de la Societat de la Informaci\u00f3 i del Comer\u00e7 Electr\u00f2nic (LSSICE), aix\u00ed com informar les condicions de tots els usuaris.<\/p>\n\n\n\n<p>Tota persona que accedeixi a aquest lloc web assumeix el paper d'usuari, comprometent-se a l'observan\u00e7a i el compliment rigor\u00f3s de les disposicions aqu\u00ed disposades, aix\u00ed com a qualsevol altra disposici\u00f3 legal que sigui aplicable.&nbsp;<\/p>\n\n\n\n<p>THAIS RIB\u00d3 ANDORR\u00c0. es reserva el dret de modificar qualsevol tipus d'informaci\u00f3 que pogu\u00e9s apar\u00e8ixer al lloc web, sense que hi hagi obligaci\u00f3 de preavisar o posar en coneixement dels usuaris aquestes obligacions, entenent-se com a suficient amb la publicaci\u00f3 al lloc web de THAIS RIB\u00d3 ANDORR\u00c0<\/p>\n\n\n\n<h2 class=\"wp-block-heading\"><strong>1. DADES IDENTIFICATIVES<\/strong><\/h2>\n\n\n\n<p>Denominaci\u00f3 social: THAIS RIB\u00d3 ANDORR\u00c0<\/p>\n\n\n\n<p>Nombre comercial: THAIS RIB\u00d3 ANDORR\u00c0<\/p>\n\n\n\n<p>CIF: 52309439X<\/p>\n\n\n\n<p>Domicilio: GRANER 20, 2 1<\/p>\n\n\n\n<p>e-mail: thaisribo@outlook.com<\/p>\n\n\n\n<h2 class=\"wp-block-heading\"><strong>2. OBJECTE<\/strong><\/h2>\n\n\n\n<p>A trav\u00e9s del Lloc Web, us oferim als Usuaris la possibilitat d'accedir a la informaci\u00f3 sobre els nostres serveis.<\/p>\n\n\n\n<h2 class=\"wp-block-heading\"><strong>3. PRIVACITAT I TRACTAMENT DE DADES<\/strong><\/h2>\n\n\n\n<p>Quan per a l'acc\u00e9s a determinats continguts o servei sigui necessari facilitar dades de car\u00e0cter personal, els Usuaris garantiran la seva veracitat, exactitud, autenticitat i vig\u00e8ncia. L'empresa donar\u00e0 a aquestes dades el tractament automatitzat que correspongui en funci\u00f3 de la seva naturalesa o finalitat, en els termes indicats a la secci\u00f3 de Pol\u00edtica de Privadesa.<\/p>\n\n\n\n<h2 class=\"wp-block-heading\"><strong>4. PROPIEDAD INDUSTRIAL E INTELECTUAL<\/strong><\/h2>\n\n\n\n<p>El Usuario reconoce y acepta que todos los contenidos que se muestran en el Espacio Web y en especial, dise\u00f1os, textos, im\u00e1genes, logos, iconos, botones, software, nombres comerciales, marcas, o cualesquiera otros signos susceptibles de utilizaci\u00f3n industrial y\/o comercial est\u00e1n sujetos a derechos de Propiedad Intelectual y todas las marcas, nombres comerciales o signos distintivos, todos los derechos de propiedad industrial e intelectual, sobre los contenidos y\/o cualesquiera otros elementos insertados en el p\u00e1gina, que son propiedad exclusiva de la empresa y\/o de terceros, quienes tienen el derecho exclusivo de utilizarlos en el tr\u00e1fico econ\u00f3mico. Por todo ello el Usuario se compromete a no reproducir, copiar, distribuir, poner a disposici\u00f3n o de cualquier otra forma comunicar p\u00fablicamente, transformar o modificar tales contenidos manteniendo indemne a la empresa de cualquier reclamaci\u00f3n que se derive del incumplimiento de tales obligaciones. En ning\u00fan caso el acceso al Espacio Web implica ning\u00fan tipo de renuncia, transmisi\u00f3n, licencia o cesi\u00f3n total ni parcial de dichos derechos, salvo que se establezca expresamente lo contrario. Las presentes Condiciones Generales de Uso del Espacio Web no confieren a los Usuarios ning\u00fan otro derecho de utilizaci\u00f3n, RRHH, alteraci\u00f3n, explotaci\u00f3n, reproducci\u00f3n, distribuci\u00f3n o comunicaci\u00f3n p\u00fablica del Espacio Web y\/o de sus Contenidos distintos de los aqu\u00ed expresamente previstos. Cualquier otro uso o explotaci\u00f3n de cualesquiera derechos estar\u00e1 sujeto a la previa y expresa autorizaci\u00f3n espec\u00edficamente otorgada a tal efecto por la empresa o el tercero titular de los derechos afectados.<\/p>\n\n\n\n<p>Els continguts, textos, fotografies, dissenys, logotips, imatges, programes d'ordinador, codis font i, en general, qualsevol creaci\u00f3 intel\u00b7lectual existent en aquest Espai, aix\u00ed com el mateix Espai en conjunt, com a obra art\u00edstica multim\u00e8dia, estan protegits com a drets d'autor per la legislaci\u00f3 en mat\u00e8ria de propietat intel\u00b7lectual. L'empresa \u00e9s titular dels elements que integren el disseny gr\u00e0fic de l'Espai Web, els men\u00fas, els botons de navegaci\u00f3, el codi HTML, els textos, imatges, textures, gr\u00e0fics i qualsevol altre contingut de l'Espai Web o, en qualsevol cas, disposa de la corresponent autoritzaci\u00f3 per a la utilitzaci\u00f3 d'aquests elements. El contingut disposat a l'Espai Web no podr\u00e0 ser reprodu\u00eft ni en tot ni en part, ni transm\u00e8s, ni registrat per cap sistema de recuperaci\u00f3 d'informaci\u00f3, de cap manera ni de cap mitj\u00e0, llevat que es compti amb l'autoritzaci\u00f3 pr\u00e8via, per escrit, de l'Entitat esmentada.<\/p>\n\n\n\n<p>Aix\u00ed mateix, queda prohibit suprimir, eludir i\/o manipular el copyright aix\u00ed com els dispositius t\u00e8cnics de protecci\u00f3, o qualsevol mecanisme d'informaci\u00f3 que pogu\u00e9s contenir els continguts. L'Usuari d'aquest Espai Web es compromet a respectar els drets enunciats ia evitar qualsevol actuaci\u00f3 que els pugui perjudicar, reservant-se en tot cas l'empresa l'exercici de tots els mitjans o accions legals que li corresponguin en defensa dels seus drets leg\u00edtims de propietat intel\u00b7lectual i industrial.<\/p>\n\n\n\n<h2 class=\"wp-block-heading\"><strong>5. OBLIGACIONS I RESPONSABILITATS DE L'USUARI DE L'ESPAI WEB<\/strong><\/h2>\n\n\n\n<p>L'Usuari es compromet a:<\/p>\n\n\n\n<ul class=\"wp-block-list\">\n<li>Fer un \u00fas adequat i l\u00edcit de l'Espai Web aix\u00ed com dels continguts i serveis, de conformitat amb: (i) la legislaci\u00f3 aplicable a cada moment; (ii) les Condicions Generals d'\u00das de l'Espai Web; (iii) la moral i els bons costums generalment acceptats i (iv) l'ordre p\u00fablic.<\/li>\n\n\n\n<li>Proveir-se de tots els mitjans i requeriments t\u00e8cnics que calguin per accedir a l'Espai Web.<\/li>\n\n\n\n<li>Facilitar informaci\u00f3 vera\u00e7 en emplenar amb les vostres dades de car\u00e0cter personal els formularis continguts a l'Espai Web ia mantenir-los actualitzats en tot moment de manera que respongui, en cada moment, a la situaci\u00f3 real de l'Usuari. L'Usuari ser\u00e0 l'\u00fanic responsable de les manifestacions falses o inexactes que faci i dels perjudicis que causi a l'empresa oa tercers per la informaci\u00f3 que faciliti.<\/li>\n<\/ul>\n\n\n\n<p>No obstant el que estableix l'apartat anterior, l'Usuari tamb\u00e9 s'ha d'abstenir de:<\/p>\n\n\n\n<ul class=\"wp-block-list\">\n<li>Fer un \u00fas no autoritzat o fraudulent de l'Espai Web i\/o dels continguts amb fins o efectes il\u00b7l\u00edcits, prohibits en aquestes Condicions Generals d'\u00das, lesius dels drets i interessos de tercers, o que de qualsevol manera puguin danyar, inutilitzar, sobrecarregar, deteriorar o impedir la utilitzaci\u00f3 normal dels serveis o els documents, arxius i tota classe.<\/li>\n\n\n\n<li>Accedir o intentar accedir a recursos o \u00e0rees restringides de l'Espai Web, sense complir les condicions exigides per a aquest acc\u00e9s.<\/li>\n\n\n\n<li>Provocar danys als sistemes f\u00edsics o l\u00f2gics de l'Espai Web, dels seus prove\u00efdors o de tercers.<\/li>\n\n\n\n<li>Introduir o difondre a la xarxa virus inform\u00e0tics o qualssevol altres sistemes f\u00edsics o l\u00f2gics que siguin susceptibles de provocar danys als sistemes f\u00edsics o l\u00f2gics de l'empresa, prove\u00efdors o de tercers.<\/li>\n\n\n\n<li>Intentar accedir, utilitzar i\/o manipular les dades de lempresa, tercers prove\u00efdors i altres Usuaris.<\/li>\n\n\n\n<li>Reproduir o copiar, distribuir, permetre l'acc\u00e9s del p\u00fablic a trav\u00e9s de qualsevol modalitat de comunicaci\u00f3 p\u00fablica, transformar o modificar els continguts, llevat que es compti amb l'autoritzaci\u00f3 del titular dels drets corresponents o sigui legalment perm\u00e8s.<\/li>\n\n\n\n<li>Suprimir, ocultar o manipular les notes sobre drets de propietat intel\u00b7lectual o industrial i altres dades identificatives dels drets de l'empresa o de tercers incorporats als continguts, aix\u00ed com els dispositius t\u00e8cnics de protecci\u00f3 o qualsevol mecanisme d'informaci\u00f3 que es pugui inserir en els continguts.<\/li>\n\n\n\n<li>Obtenir i intentar obtenir els continguts utilitzant mitjans o procediments diferents dels que, segons els casos, s'hagin posat a la seva disposici\u00f3 a aquest efecte o s'hagin indicat expressament a les p\u00e0gines web on es trobin els continguts o, en general, dels que es facin servir habitualment a Internet per no comportar un risc de dany o inutilitzaci\u00f3 de l'Espai web i\/o dels continguts.<\/li>\n\n\n\n<li>En particular, ia t\u00edtol merament indicatiu i no exhaustiu, l'Usuari es compromet a no transmetre, difondre o posar a disposici\u00f3 de tercers informacions, dades, continguts, missatges, gr\u00e0fics, dibuixos, arxius de so i\/o imatge, fotografies, enregistraments, programari i, en general, qualsevol classe de material que: \u2022 De qualsevol manera sigui contrari, menyspre\u00ef o at Tractats internacionals i en la resta de la legislaci\u00f3 vigent. \u2022 Indueixi, inciti o promogui actuacions delictives, denigrat\u00f2ries, difamat\u00f2ries, violentes o, en general, contr\u00e0ries a la llei, a la moral, als bons costums generalment acceptats oa l'ordre p\u00fablic. \u2022 Indueixi, inciti o promogui actuacions, actituds, pensaments edat o condici\u00f3. \u2022 Incorporeu, poseu a disposici\u00f3 o permeteu accedir a productes, elements, missatges i\/o serveis delictius, violents, ofensius, nocius, degradants o, en general, contraris a la llei, a la moral i als bons costums generalment acceptats oa l'ordre p\u00fablic. Indueixi o pugui induir a un estat inacceptable d'ansietat o temor. \u2022 Indueixi o inciti a involucrar-se en pr\u00e0ctiques perilloses, de risc o nocives per a la salut i l'equilibri ps\u00edquic. \u2022 Es troba protegit per la legislaci\u00f3 en mat\u00e8ria de protecci\u00f3 intel\u00b7lectual o industrial pertanyent a l'honor. intimitat personal i familiar oa la pr\u00f2pia imatge de les persones. \u2022 Constitu\u00efu qualsevol tipus de publicitat. \u2022 Incloeu qualsevol tipus de virus o programa que impedeixi el funcionament normal de l'Espai Web.<\/li>\n<\/ul>\n\n\n\n<p>Si per accedir a alguns dels serveis i\/o continguts de l'Espai Web, se us proporcion\u00e9s una contrasenya, s'obliga a fer-la servir de manera diligent, mantenint-la en tot moment en secret. En conseq\u00fc\u00e8ncia, ser\u00e0 responsable de la seva adequada cust\u00f2dia i confidencialitat, i es comprometr\u00e0 a no cedir-la a tercers, de manera temporal o permanent, ni a permetre l'acc\u00e9s als serveis i\/o continguts esmentats per part de persones alienes. Igualment, s'obliga a notificar a la societat qualsevol fet que pugui suposar un \u00fas indegut de la contrasenya, com, a t\u00edtol enunciatiu, el robatori, la p\u00e8rdua o l'acc\u00e9s no autoritzat, a fi de procedir a cancel\u00b7lar-la immediatament. En conseq\u00fc\u00e8ncia, mentre no efectu\u00ef la notificaci\u00f3 anterior, l'empresa quedar\u00e0 eximida de qualsevol responsabilitat que pogu\u00e9s derivar-se de l'\u00fas indegut de la contrasenya, sent de la seva responsabilitat qualsevol utilitzaci\u00f3 il\u00b7l\u00edcita dels continguts i\/o serveis de l'Espai Web per qualsevol tercer il\u00b7leg\u00edtim. Si de manera negligent o dolosa incompl\u00eds qualsevol de les obligacions establertes en aquestes Condicions Generals d'\u00das, respondr\u00e0 per tots els danys i perjudicis que es puguin derivar d'aquest incompliment per a l'empresa.<\/p>\n\n\n\n<h2 class=\"wp-block-heading\"><strong>6. RESPONSABILIDADES<\/strong><\/h2>\n\n\n\n<p>No es garanteix l'acc\u00e9s continuat, ni la correcta visualitzaci\u00f3, desc\u00e0rrega o utilitat dels elements i informacions contingudes a la web que es puguin veure impedits, dificultats o interromputs per factors o circumst\u00e0ncies que estan fora del seu control. No es fa responsable de les decisions que es puguin adoptar com a conseq\u00fc\u00e8ncia de l'acc\u00e9s als continguts o les informacions ofertes.<\/p>\n\n\n\n<p>Es podr\u00e0 interrompre el servei, o resoldre de manera immediata la relaci\u00f3 amb l'Usuari, si es detecta que un \u00fas del seu Espai Web, o de qualsevol dels serveis oferts en aquest, \u00e9s contrari a les presents Condicions Generals d'\u00das. No ens fem responsables per danys, perjudicis, p\u00e8rdues, reclamacions o despeses derivades de l'\u00fas de l'Espai Web.<\/p>\n\n\n\n<p>\u00danicament ser\u00e0 responsable d'eliminar, com m\u00e9s aviat millor, els continguts que puguin generar aquests perjudicis, sempre que aix\u00ed es notifiqui. En especial no serem responsables dels perjudicis que se'n poguessin derivar, entre d'altres, de:<\/p>\n\n\n\n<ul class=\"wp-block-list\">\n<li>Interfer\u00e8ncies, interrupcions, fallades, omissions, avaries telef\u00f2niques, retards, bloquejos o desconnexions en el funcionament del sistema electr\u00f2nic, motivades per defici\u00e8ncies, sobrec\u00e0rregues i errors a les l\u00ednies i xarxes de telecomunicacions, o per qualsevol altra causa aliena al control de l'empresa.&nbsp;<\/li>\n\n\n\n<li>Intromissions il\u00b7leg\u00edtimes mitjan\u00e7ant l'\u00fas de programes malignes de qualsevol tipus i mitjan\u00e7ant qualsevol mitj\u00e0 de comunicaci\u00f3, com ara virus inform\u00e0tics o qualssevol altres.<\/li>\n\n\n\n<li>Ab\u00fas indegut o inadequat de l'Espai Web.<\/li>\n\n\n\n<li>Errors de seguretat o navegaci\u00f3 produ\u00efts per un mal funcionament del navegador o per l\u00fas de versions no actualitzades del mateix. L'administrador de l'espai web es reserven el dret de retirar, totalment o parcialment, qualsevol contingut o informaci\u00f3 present a l'Espai Web.<\/li>\n<\/ul>\n\n\n\n<p>L'empresa exclou qualsevol responsabilitat pels danys i perjudicis de tota naturalesa que es puguin deure a la mala utilitzaci\u00f3 dels serveis de lliure disposici\u00f3 i \u00fas per part dels usuaris d'espai web. Aix\u00ed mateix, queda exonerat de qualsevol responsabilitat pel contingut i les informacions que puguin ser rebudes com a conseq\u00fc\u00e8ncia dels formularis de recollida de dades, i aquests estan \u00fanicament per a la prestaci\u00f3 dels serveis de consultes i dubtes. D'altra banda, en cas de causar danys i perjudicis per un \u00fas il\u00b7l\u00edcit o incorrecte dels serveis esmentats, podr\u00e0 ser l'Usuari reclamat pels danys o perjudicis causats.<\/p>\n\n\n\n<p>Usted mantendr\u00e1 a la empresa indemne frente a cualesquiera da\u00f1os y perjuicios que se deriven de reclamaciones, acciones o demandas de terceros como consecuencia de su acceso o uso del Espacio Web. Asimismo, usted se obliga a indemnizar frente a cualesquiera da\u00f1os y perjuicios, que se deriven del uso por su parte de \u201crobots\u201d, \u201cspiders\u201d, \u201ccrawlers\u201d o herramientas similares empleadas con el fin de recabar o extraer datos o de cualquier otra actuaci\u00f3n por su parte que imponga una carga irrazonable sobre el funcionamiento del Espacio Web.<\/p>\n\n\n\n<h2 class=\"wp-block-heading\"><strong>7. HIPERVINCLES<\/strong><\/h2>\n\n\n\n<p>L'Usuari s'obliga a no reproduir de cap manera, ni tan sols mitjan\u00e7ant un hiperenlla\u00e7 o hipervincle, l'Espai Web, aix\u00ed com cap dels seus continguts, llevat d'autoritzaci\u00f3 expressa i per escrit del responsable del fitxer.<\/p>\n\n\n\n<p>L'Espai Web pot incloure enlla\u00e7os a altres espais web, gestionats per tercers, per facilitar l'acc\u00e9s de l'Usuari a la informaci\u00f3 d'empreses col\u00b7laboradores i\/o patrocinadores. D'acord amb aix\u00f2, la societat no es responsabilitza del contingut dels Espais web esmentats, ni se situa en una posici\u00f3 de garant ni\/o de part ofertant dels serveis i\/o informaci\u00f3 que es puguin oferir a tercers a trav\u00e9s dels enlla\u00e7os de tercers.<\/p>\n\n\n\n<p>Es concedeix a l'Usuari un dret limitat, revocable i no exclusiu a crear enlla\u00e7os a la p\u00e0gina principal de l'Espai Web exclusivament per a \u00fas privat i no comercial. Els Espais web que incloguin enlla\u00e7 al nostre Espai Web (i) no podran falsejar la seva relaci\u00f3 ni afirmar que s'ha autoritzat aquest enlla\u00e7, ni incloure marques, denominacions, noms comercials, logotips o altres signes distintius de la nostra societat; (ii) no poden incloure continguts que es puguin considerar de mal gust, obscens, ofensius, controvertits, que incitin a la viol\u00e8ncia o la discriminaci\u00f3 per ra\u00f3 de sexe, ra\u00e7a o religi\u00f3, contraris a l'ordre p\u00fablic o il\u00b7l\u00edcits; (iii) no podran enlla\u00e7ar a cap p\u00e0gina de l'Espai Web diferent de la p\u00e0gina principal; (iv) haur\u00e0 d'enlla\u00e7ar amb la pr\u00f2pia adre\u00e7a de l'Espai Web, sense permetre que l'Espai web que realitzi l'enlla\u00e7 reprodueixi l'Espai Web com a part de la seva web o dins d'un dels seus \u201cframes\u201d o crear un \u201cbrowser\u201d sobre qualsevol de les p\u00e0gines de l'Espai Web. L'empresa podr\u00e0 sol\u00b7licitar, en qualsevol moment, que elimini qualsevol enlla\u00e7 a l'Espai Web, despr\u00e9s d'aix\u00f2 haur\u00e0 de procedir immediatament a la seva eliminaci\u00f3.<\/p>\n\n\n\n<p>L'empresa no pot controlar la informaci\u00f3, continguts, productes o serveis facilitats per altres espais web que tinguin establerts enlla\u00e7os amb destinaci\u00f3 a l'espai web.<\/p>\n\n\n\n<h2 class=\"wp-block-heading\"><strong>8. PROTECCI\u00d3 DE DADES<\/strong><\/h2>\n\n\n\n<p>Per utilitzar alguns dels serveis, l'usuari ha de proporcionar pr\u00e8viament certes dades de car\u00e0cter personal. L'empresa tractar\u00e0 automatitzadament aquestes dades i aplicar\u00e0 les mesures de seguretat corresponents, tot aix\u00f2 en compliment del RGPD, LOPDGDD i LSSI. L'Usuari pot accedir a la pol\u00edtica seguida en el tractament de les dades personals, aix\u00ed com l'establiment de les finalitats pr\u00e8viament establertes, en les condicions definides a la Pol\u00edtica de Privadesa.<\/p>\n\n\n\n<h3 class=\"wp-block-heading\"><strong>9. COOKIES<\/strong><\/h3>\n\n\n\n<p>L'empresa es reserva el dret d'utilitzar la tecnologia \u201ccookie\u201d a l'Espai Web, per tal de recon\u00e8ixer-ho com a Usuari freq\u00fcent i personalitzar l'\u00fas que realitzi de l'Espai Web mitjan\u00e7ant la preselecci\u00f3 del vostre idioma, o continguts m\u00e9s desitjats o espec\u00edfics.<\/p>\n\n\n\n<p>Les galetes recopilen l'adre\u00e7a IP de l'usuari i \u00e9s Google el responsable del tractament d'aquesta informaci\u00f3.<\/p>\n\n\n\n<p>Les cookies s\u00f3n fitxers enviats a un navegador, per mitj\u00e0 d'un servidor web, per registrar la navegaci\u00f3 de l'usuari a l'espai web, quan l'usuari en permeti la recepci\u00f3. Si ho desitgeu podeu configurar el vostre navegador per a ser avisat en pantalla de la recepci\u00f3 de cookies i per impedir la instal\u00b7laci\u00f3 de cookies al vostre disc dur. Si us plau consulteu les instruccions i manuals del vostre navegador per ampliar aquesta informaci\u00f3.<\/p>\n\n\n\n<p>Gr\u00e0cies a les cookies, \u00e9s possible que es pugui recon\u00e8ixer el navegador de l'ordinador utilitzat per l'Usuari amb la finalitat de facilitar continguts i oferir les prefer\u00e8ncies de navegaci\u00f3 o publicit\u00e0ries que l'Usuari, als perfils demogr\u00e0fics dels Usuaris aix\u00ed com per mesurar les visites i par\u00e0metres del tr\u00e0nsit, controlar el progr\u00e9s i el nombre d'entrades.<\/p>\n\n\n\n<h3 class=\"wp-block-heading\"><strong>10. DECLARACIONS I GARANTIES<\/strong><\/h3>\n\n\n\n<p>En general, els continguts i serveis oferts a l'Espai Web tenen car\u00e0cter merament informatiu. Per tant, en oferir-los, no s'atorga cap garantia ni cap declaraci\u00f3 en relaci\u00f3 amb els continguts i serveis oferts a l'espai web, incloent-hi, a t\u00edtol enunciatiu, garanties de licitud, fiabilitat, utilitat, veracitat, exactitud, o comerciabilitat, llevat de la mesura que per llei no es puguin excloure aquestes declaracions i garanties.<\/p>\n\n\n\n<h3 class=\"wp-block-heading\"><strong>11. FOR\u00c7A MAJOR<\/strong><\/h3>\n\n\n\n<p>L'empresa no ser\u00e0 responsable en tot cas d'impossibilitat de prestar servei, si aquesta \u00e9s deguda a interrupcions prolongades del subministrament el\u00e8ctric, l\u00ednies de telecomunicacions, conflictes socials, vagues, rebel\u00b7li\u00f3, explosions, inundacions, actes i omissions del Govern, i en general tots els sup\u00f2sits de for\u00e7a major o de cas fortu\u00eft.<\/p>\n\n\n\n<h3 class=\"wp-block-heading\"><strong>12. RESOLUCI\u00d3 DE CONTROV\u00c8RSIES. LLEI APLICABLE I JURISDICCI\u00d3<\/strong><\/h3>\n\n\n\n<p>Las presentes Condiciones Generales de Uso, as\u00ed como el uso del Espacio Web, se regir\u00e1n por la legislaci\u00f3n espa\u00f1ola. Para la resoluci\u00f3n de cualquier controversia las partes se someter\u00e1n a los Juzgados y Tribunales del domicilio social del Responsable del sitio web.<\/p>\n\n\n\n<p>En cas que qualsevol estipulaci\u00f3 de les presents Condicions Generals d'\u00das result\u00e9s inexigible o nul\u00b7la en virtut de la legislaci\u00f3 aplicable o com a conseq\u00fc\u00e8ncia d'una resoluci\u00f3 judicial o administrativa, aquesta inexigibilitat o nul\u00b7litat no far\u00e0 que aquestes Condicions Generals d'\u00das resultin inexigibles o nul\u00b7les en conjunt. En aquests casos, l'empresa ha de modificar o substituir aquesta estipulaci\u00f3 per una altra que sigui v\u00e0lida i exigible i que, en la mesura que sigui possible, aconsegueixi l'objectiu i la pretensi\u00f3 reflectits en l'estipulaci\u00f3 original.&nbsp;<\/p>","protected":false},"excerpt":{"rendered":"<p>LEY DE LOS SERVICIOS DE LA SOCIEDAD DE LA INFORMACI\u00d3N (LSSI) THAIS RIB\u00d3 ANDORR\u00c0., responsable del sitio web, en adelante RESPONSABLE, pone a disposici\u00f3n de los usuarios el presente documento, con el que pretende dar cumplimiento a las obligaciones dispuestas en la Ley 34\/2002, de 11 de julio, de Servicios de la Sociedad de la [&hellip;]<\/p>","protected":false},"author":1,"featured_media":0,"parent":0,"menu_order":0,"comment_status":"closed","ping_status":"closed","template":"","meta":{"footnotes":""},"class_list":["post-45","page","type-page","status-publish","hentry"],"_links":{"self":[{"href":"https:\/\/www.thaisribopsicologia.com\/ca\/wp-json\/wp\/v2\/pages\/45","targetHints":{"allow":["GET"]}}],"collection":[{"href":"https:\/\/www.thaisribopsicologia.com\/ca\/wp-json\/wp\/v2\/pages"}],"about":[{"href":"https:\/\/www.thaisribopsicologia.com\/ca\/wp-json\/wp\/v2\/types\/page"}],"author":[{"embeddable":true,"href":"https:\/\/www.thaisribopsicologia.com\/ca\/wp-json\/wp\/v2\/users\/1"}],"replies":[{"embeddable":true,"href":"https:\/\/www.thaisribopsicologia.com\/ca\/wp-json\/wp\/v2\/comments?post=45"}],"version-history":[{"count":2,"href":"https:\/\/www.thaisribopsicologia.com\/ca\/wp-json\/wp\/v2\/pages\/45\/revisions"}],"predecessor-version":[{"id":960,"href":"https:\/\/www.thaisribopsicologia.com\/ca\/wp-json\/wp\/v2\/pages\/45\/revisions\/960"}],"wp:attachment":[{"href":"https:\/\/www.thaisribopsicologia.com\/ca\/wp-json\/wp\/v2\/media?parent=45"}],"curies":[{"name":"wp","href":"https:\/\/api.w.org\/{rel}","templated":true}]}}