{"id":42,"date":"2024-08-12T16:08:09","date_gmt":"2024-08-12T14:08:09","guid":{"rendered":"https:\/\/www.thaisribopsicologia.com\/sobre-nosotros\/"},"modified":"2025-12-01T13:55:52","modified_gmt":"2025-12-01T12:55:52","slug":"sobre-mi","status":"publish","type":"page","link":"https:\/\/www.thaisribopsicologia.com\/ca\/sobre-mi\/","title":{"rendered":"Sobre mi"},"content":{"rendered":"<div data-elementor-type=\"wp-page\" data-elementor-id=\"42\" class=\"elementor elementor-42\" data-elementor-post-type=\"page\">\n\t\t\t\t<div class=\"elementor-element elementor-element-d93f798 e-con-full e-flex e-con e-parent\" data-id=\"d93f798\" data-element_type=\"container\" data-settings=\"{&quot;background_background&quot;:&quot;classic&quot;}\">\n\t\t\t\t<div class=\"elementor-element elementor-element-5905bc7 elementor-hidden-desktop elementor-hidden-tablet elementor-hidden-mobile elementor-widget elementor-widget-heading\" data-id=\"5905bc7\" data-element_type=\"widget\" data-widget_type=\"heading.default\">\n\t\t\t\t\t<h1 class=\"elementor-heading-title elementor-size-default\">Sobre mi<\/h1>\t\t\t\t<\/div>\n\t\t\t\t<\/div>\n\t\t<div class=\"elementor-element elementor-element-59055d6 e-flex e-con-boxed e-con e-parent\" data-id=\"59055d6\" data-element_type=\"container\" id=\"inicio\">\n\t\t\t\t\t<div class=\"e-con-inner\">\n\t\t<div class=\"elementor-element elementor-element-bcbcf39 e-con-full e-flex e-con e-child\" data-id=\"bcbcf39\" data-element_type=\"container\">\n\t\t\t\t<div class=\"elementor-element elementor-element-fd685c3 elementor-widget elementor-widget-heading\" data-id=\"fd685c3\" data-element_type=\"widget\" data-widget_type=\"heading.default\">\n\t\t\t\t\t<h2 class=\"elementor-heading-title elementor-size-default\">SOBRE THAIS RIB\u00d3 ANDORR\u00c0<\/h2>\t\t\t\t<\/div>\n\t\t\t\t<div class=\"elementor-element elementor-element-3239b4e elementor-widget elementor-widget-text-editor\" data-id=\"3239b4e\" data-element_type=\"widget\" data-widget_type=\"text-editor.default\">\n\t\t\t\t\t\t\t\t\t<p>S\u00f3c Thais Rib\u00f3 Andorr\u00e0, psic\u00f2loga col\u00b7legiada, i la meva vocaci\u00f3 \u00e9s acompanyar les persones en el seu creixement personal, en la gesti\u00f3 de les emocions i en la recuperaci\u00f3 de l\u2019equilibri psicol\u00f2gic.<\/p><p>Crec profundament que cada persona t\u00e9 dins seu els recursos per superar les dificultats i connectar amb la seva millor versi\u00f3. La meva feina consisteix a donar-te les eines i el suport necessari perqu\u00e8 puguis avan\u00e7ar amb confian\u00e7a i serenitat en el teu cam\u00ed.<\/p><p>Treballo amb una mirada integradora, combinant diferents corrents terap\u00e8utiques (cognitivoconductual, sist\u00e8mica i constructivista) per adaptar la intervenci\u00f3 a les necessitats \u00faniques de cada persona.<\/p><p>Tamb\u00e9 estic formada en ter\u00e0pia EMDR, una t\u00e8cnica reconeguda per al tractament de traumes i experi\u00e8ncies d\u2019estr\u00e8s posttraum\u00e0tic, que ajuda a treballar emocions dif\u00edcils de manera segura i efectiva.<\/p>\t\t\t\t\t\t\t\t<\/div>\n\t\t\t\t<\/div>\n\t\t<div class=\"elementor-element elementor-element-ac9d5ec e-con-full e-flex e-con e-child\" data-id=\"ac9d5ec\" data-element_type=\"container\">\n\t\t\t\t<div class=\"elementor-element elementor-element-edc2b2e elementor-widget__width-inherit elementor-widget elementor-widget-image\" data-id=\"edc2b2e\" data-element_type=\"widget\" data-widget_type=\"image.default\">\n\t\t\t\t\t\t\t\t\t\t\t\t\t\t\t<img fetchpriority=\"high\" decoding=\"async\" width=\"308\" height=\"308\" src=\"https:\/\/www.thaisribopsicologia.com\/wp-content\/uploads\/2024\/11\/449657909_1942703666147384_7161854286963499694_n.jpg\" class=\"attachment-large size-large wp-image-282\" alt=\"\" srcset=\"https:\/\/www.thaisribopsicologia.com\/wp-content\/uploads\/2024\/11\/449657909_1942703666147384_7161854286963499694_n.jpg 308w, https:\/\/www.thaisribopsicologia.com\/wp-content\/uploads\/2024\/11\/449657909_1942703666147384_7161854286963499694_n-300x300.jpg 300w, https:\/\/www.thaisribopsicologia.com\/wp-content\/uploads\/2024\/11\/449657909_1942703666147384_7161854286963499694_n-150x150.jpg 150w\" sizes=\"(max-width: 308px) 100vw, 308px\" \/>\t\t\t\t\t\t\t\t\t\t\t\t\t\t\t<\/div>\n\t\t\t\t<\/div>\n\t\t\t\t\t<\/div>\n\t\t\t\t<\/div>\n\t\t<div class=\"elementor-element elementor-element-d785d99 e-flex e-con-boxed e-con e-parent\" data-id=\"d785d99\" data-element_type=\"container\" data-settings=\"{&quot;background_background&quot;:&quot;classic&quot;}\">\n\t\t\t\t\t<div class=\"e-con-inner\">\n\t\t\t\t<div class=\"elementor-element elementor-element-394e683 elementor-widget elementor-widget-heading\" data-id=\"394e683\" data-element_type=\"widget\" data-widget_type=\"heading.default\">\n\t\t\t\t\t<h2 class=\"elementor-heading-title elementor-size-default\">VALORS FONAMENTALS<\/h2>\t\t\t\t<\/div>\n\t\t<div class=\"elementor-element elementor-element-9023b32 e-con-full e-flex e-con e-child\" data-id=\"9023b32\" data-element_type=\"container\">\n\t\t<div class=\"elementor-element elementor-element-ef4aad4 e-con-full e-flex e-con e-child\" data-id=\"ef4aad4\" data-element_type=\"container\">\n\t\t\t\t<div class=\"elementor-element elementor-element-0914ea0 elementor-widget elementor-widget-image\" data-id=\"0914ea0\" data-element_type=\"widget\" data-widget_type=\"image.default\">\n\t\t\t\t\t\t\t\t\t\t\t\t\t\t\t<img decoding=\"async\" width=\"436\" height=\"436\" src=\"https:\/\/www.thaisribopsicologia.com\/wp-content\/uploads\/2025\/09\/Ellipse-4.png\" class=\"attachment-full size-full wp-image-1058\" alt=\"\" srcset=\"https:\/\/www.thaisribopsicologia.com\/wp-content\/uploads\/2025\/09\/Ellipse-4.png 436w, https:\/\/www.thaisribopsicologia.com\/wp-content\/uploads\/2025\/09\/Ellipse-4-300x300.png 300w, https:\/\/www.thaisribopsicologia.com\/wp-content\/uploads\/2025\/09\/Ellipse-4-150x150.png 150w\" sizes=\"(max-width: 436px) 100vw, 436px\" \/>\t\t\t\t\t\t\t\t\t\t\t\t\t\t\t<\/div>\n\t\t\t\t<div class=\"elementor-element elementor-element-833453c elementor-widget elementor-widget-heading\" data-id=\"833453c\" data-element_type=\"widget\" data-widget_type=\"heading.default\">\n\t\t\t\t\t<h3 class=\"elementor-heading-title elementor-size-default\">Proximitat<\/h3>\t\t\t\t<\/div>\n\t\t\t\t<div class=\"elementor-element elementor-element-bad2ac1 elementor-widget elementor-widget-text-editor\" data-id=\"bad2ac1\" data-element_type=\"widget\" data-widget_type=\"text-editor.default\">\n\t\t\t\t\t\t\t\t\t<p>Crec en el valor duna relaci\u00f3 terap\u00e8utica c\u00e0lida, basada en la confian\u00e7a i el respecte. T'acompanyo amb escolta activa i empatia a cada pas.<\/p>\t\t\t\t\t\t\t\t<\/div>\n\t\t\t\t<\/div>\n\t\t<div class=\"elementor-element elementor-element-07cc03e e-con-full e-flex e-con e-child\" data-id=\"07cc03e\" data-element_type=\"container\">\n\t\t\t\t<div class=\"elementor-element elementor-element-e32d91b elementor-widget elementor-widget-image\" data-id=\"e32d91b\" data-element_type=\"widget\" data-widget_type=\"image.default\">\n\t\t\t\t\t\t\t\t\t\t\t\t\t\t\t<img decoding=\"async\" width=\"436\" height=\"436\" src=\"https:\/\/www.thaisribopsicologia.com\/wp-content\/uploads\/2025\/09\/Ellipse-5.png\" class=\"attachment-full size-full wp-image-1059\" alt=\"\" srcset=\"https:\/\/www.thaisribopsicologia.com\/wp-content\/uploads\/2025\/09\/Ellipse-5.png 436w, https:\/\/www.thaisribopsicologia.com\/wp-content\/uploads\/2025\/09\/Ellipse-5-300x300.png 300w, https:\/\/www.thaisribopsicologia.com\/wp-content\/uploads\/2025\/09\/Ellipse-5-150x150.png 150w\" sizes=\"(max-width: 436px) 100vw, 436px\" \/>\t\t\t\t\t\t\t\t\t\t\t\t\t\t\t<\/div>\n\t\t\t\t<div class=\"elementor-element elementor-element-5247a56 elementor-widget elementor-widget-heading\" data-id=\"5247a56\" data-element_type=\"widget\" data-widget_type=\"heading.default\">\n\t\t\t\t\t<h3 class=\"elementor-heading-title elementor-size-default\">Adaptabilitat<\/h3>\t\t\t\t<\/div>\n\t\t\t\t<div class=\"elementor-element elementor-element-53dff9c elementor-widget elementor-widget-text-editor\" data-id=\"53dff9c\" data-element_type=\"widget\" data-widget_type=\"text-editor.default\">\n\t\t\t\t\t\t\t\t\t<p>Cada persona \u00e9s \u00fanica. Per aix\u00f2, adapto les meves eines i enfocament al que realment necessites, sense f\u00f3rmules tancades ni protocols r\u00edgids.<\/p>\t\t\t\t\t\t\t\t<\/div>\n\t\t\t\t<\/div>\n\t\t<div class=\"elementor-element elementor-element-2a22574 e-con-full e-flex e-con e-child\" data-id=\"2a22574\" data-element_type=\"container\">\n\t\t\t\t<div class=\"elementor-element elementor-element-c80f427 elementor-widget elementor-widget-image\" data-id=\"c80f427\" data-element_type=\"widget\" data-widget_type=\"image.default\">\n\t\t\t\t\t\t\t\t\t\t\t\t\t\t\t<img loading=\"lazy\" decoding=\"async\" width=\"436\" height=\"436\" src=\"https:\/\/www.thaisribopsicologia.com\/wp-content\/uploads\/2025\/09\/Ellipse-6.png\" class=\"attachment-full size-full wp-image-1060\" alt=\"\" srcset=\"https:\/\/www.thaisribopsicologia.com\/wp-content\/uploads\/2025\/09\/Ellipse-6.png 436w, https:\/\/www.thaisribopsicologia.com\/wp-content\/uploads\/2025\/09\/Ellipse-6-300x300.png 300w, https:\/\/www.thaisribopsicologia.com\/wp-content\/uploads\/2025\/09\/Ellipse-6-150x150.png 150w\" sizes=\"(max-width: 436px) 100vw, 436px\" \/>\t\t\t\t\t\t\t\t\t\t\t\t\t\t\t<\/div>\n\t\t\t\t<div class=\"elementor-element elementor-element-17660fe elementor-widget elementor-widget-heading\" data-id=\"17660fe\" data-element_type=\"widget\" data-widget_type=\"heading.default\">\n\t\t\t\t\t<h3 class=\"elementor-heading-title elementor-size-default\">Comprom\u00eds<\/h3>\t\t\t\t<\/div>\n\t\t\t\t<div class=\"elementor-element elementor-element-f5d5405 elementor-widget elementor-widget-text-editor\" data-id=\"f5d5405\" data-element_type=\"widget\" data-widget_type=\"text-editor.default\">\n\t\t\t\t\t\t\t\t\t<p>M'implico amb tu de manera professional i humana. El teu benestar \u00e9s el centre de la meva feina, i el meu comprom\u00eds \u00e9s acompanyar-te amb rigor i dedicaci\u00f3.<\/p>\t\t\t\t\t\t\t\t<\/div>\n\t\t\t\t<\/div>\n\t\t\t\t<\/div>\n\t\t\t\t\t<\/div>\n\t\t\t\t<\/div>\n\t\t<div class=\"elementor-element elementor-element-ba65ba2 e-flex e-con-boxed e-con e-parent\" data-id=\"ba65ba2\" data-element_type=\"container\">\n\t\t\t\t\t<div class=\"e-con-inner\">\n\t\t<div class=\"elementor-element elementor-element-d6952e7 e-con-full e-flex e-con e-child\" data-id=\"d6952e7\" data-element_type=\"container\">\n\t\t\t\t<div class=\"elementor-element elementor-element-4b51284 elementor-widget__width-initial elementor-widget elementor-widget-heading\" data-id=\"4b51284\" data-element_type=\"widget\" data-widget_type=\"heading.default\">\n\t\t\t\t\t<div class=\"elementor-heading-title elementor-size-default\">\u00bfPERQU\u00c9 CONTACTAR AMB MI?<\/div>\t\t\t\t<\/div>\n\t\t\t\t<div class=\"elementor-element elementor-element-3d2ced4 elementor-widget__width-initial elementor-widget elementor-widget-text-editor\" data-id=\"3d2ced4\" data-element_type=\"widget\" data-widget_type=\"text-editor.default\">\n\t\t\t\t\t\t\t\t\t<p><strong>Si busques:<\/strong><\/p>\t\t\t\t\t\t\t\t<\/div>\n\t\t\t\t<\/div>\n\t\t<div class=\"elementor-element elementor-element-b612438 e-con-full e-flex e-con e-child\" data-id=\"b612438\" data-element_type=\"container\">\n\t\t<div class=\"elementor-element elementor-element-6ef7a7c e-grid e-con-full e-con e-child\" data-id=\"6ef7a7c\" data-element_type=\"container\">\n\t\t<div class=\"elementor-element elementor-element-d4a9e0d e-con-full e-flex e-con e-child\" data-id=\"d4a9e0d\" data-element_type=\"container\">\n\t\t\t\t<div class=\"elementor-element elementor-element-33d7595 elementor-position-left elementor-view-default elementor-mobile-position-top elementor-widget elementor-widget-icon-box\" data-id=\"33d7595\" data-element_type=\"widget\" data-widget_type=\"icon-box.default\">\n\t\t\t\t\t\t\t<div class=\"elementor-icon-box-wrapper\">\n\n\t\t\t\t\t\t<div class=\"elementor-icon-box-icon\">\n\t\t\t\t<span  class=\"elementor-icon\">\n\t\t\t\t<svg xmlns=\"http:\/\/www.w3.org\/2000\/svg\" width=\"18\" height=\"18\" viewbox=\"0 0 18 18\" fill=\"none\"><path fill-rule=\"evenodd\" clip-rule=\"evenodd\" d=\"M9 18C10.1819 18 11.3522 17.7672 12.4442 17.3149C13.5361 16.8626 14.5282 16.1997 15.364 15.364C16.1997 14.5282 16.8626 13.5361 17.3149 12.4442C17.7672 11.3522 18 10.1819 18 9C18 7.8181 17.7672 6.64778 17.3149 5.55585C16.8626 4.46392 16.1997 3.47177 15.364 2.63604C14.5282 1.80031 13.5361 1.13738 12.4442 0.685084C11.3522 0.232792 10.1819 -1.76116e-08 9 0C6.61305 3.55683e-08 4.32387 0.948211 2.63604 2.63604C0.948212 4.32387 0 6.61305 0 9C0 11.3869 0.948212 13.6761 2.63604 15.364C4.32387 17.0518 6.61305 18 9 18ZM8.768 12.64L13.768 6.64L12.232 5.36L7.932 10.519L5.707 8.293L4.293 9.707L7.293 12.707L8.067 13.481L8.768 12.64Z\" fill=\"black\"><\/path><\/svg>\t\t\t\t<\/span>\n\t\t\t<\/div>\n\t\t\t\n\t\t\t\t\t\t<div class=\"elementor-icon-box-content\">\n\n\t\t\t\t\t\t\t\t\t<h3 class=\"elementor-icon-box-title\">\n\t\t\t\t\t\t<span  >\n\t\t\t\t\t\t\tMillorar la teva salut emocional.\t\t\t\t\t\t<\/span>\n\t\t\t\t\t<\/h3>\n\t\t\t\t\n\t\t\t\t\n\t\t\t<\/div>\n\t\t\t\n\t\t<\/div>\n\t\t\t\t\t\t<\/div>\n\t\t\t\t<\/div>\n\t\t<div class=\"elementor-element elementor-element-eb2fc48 e-con-full e-flex e-con e-child\" data-id=\"eb2fc48\" data-element_type=\"container\">\n\t\t\t\t<div class=\"elementor-element elementor-element-c897d38 elementor-position-left elementor-view-default elementor-mobile-position-top elementor-widget elementor-widget-icon-box\" data-id=\"c897d38\" data-element_type=\"widget\" data-widget_type=\"icon-box.default\">\n\t\t\t\t\t\t\t<div class=\"elementor-icon-box-wrapper\">\n\n\t\t\t\t\t\t<div class=\"elementor-icon-box-icon\">\n\t\t\t\t<span  class=\"elementor-icon\">\n\t\t\t\t<svg xmlns=\"http:\/\/www.w3.org\/2000\/svg\" width=\"18\" height=\"18\" viewbox=\"0 0 18 18\" fill=\"none\"><path fill-rule=\"evenodd\" clip-rule=\"evenodd\" d=\"M9 18C10.1819 18 11.3522 17.7672 12.4442 17.3149C13.5361 16.8626 14.5282 16.1997 15.364 15.364C16.1997 14.5282 16.8626 13.5361 17.3149 12.4442C17.7672 11.3522 18 10.1819 18 9C18 7.8181 17.7672 6.64778 17.3149 5.55585C16.8626 4.46392 16.1997 3.47177 15.364 2.63604C14.5282 1.80031 13.5361 1.13738 12.4442 0.685084C11.3522 0.232792 10.1819 -1.76116e-08 9 0C6.61305 3.55683e-08 4.32387 0.948211 2.63604 2.63604C0.948212 4.32387 0 6.61305 0 9C0 11.3869 0.948212 13.6761 2.63604 15.364C4.32387 17.0518 6.61305 18 9 18ZM8.768 12.64L13.768 6.64L12.232 5.36L7.932 10.519L5.707 8.293L4.293 9.707L7.293 12.707L8.067 13.481L8.768 12.64Z\" fill=\"black\"><\/path><\/svg>\t\t\t\t<\/span>\n\t\t\t<\/div>\n\t\t\t\n\t\t\t\t\t\t<div class=\"elementor-icon-box-content\">\n\n\t\t\t\t\t\t\t\t\t<h3 class=\"elementor-icon-box-title\">\n\t\t\t\t\t\t<span  >\n\t\t\t\t\t\t\tSuperar una situaci\u00f3 complicada.\t\t\t\t\t\t<\/span>\n\t\t\t\t\t<\/h3>\n\t\t\t\t\n\t\t\t\t\n\t\t\t<\/div>\n\t\t\t\n\t\t<\/div>\n\t\t\t\t\t\t<\/div>\n\t\t\t\t<\/div>\n\t\t<div class=\"elementor-element elementor-element-74e5b3c e-con-full e-flex e-con e-child\" data-id=\"74e5b3c\" data-element_type=\"container\">\n\t\t\t\t<div class=\"elementor-element elementor-element-ffdd254 elementor-position-left elementor-view-default elementor-mobile-position-top elementor-widget elementor-widget-icon-box\" data-id=\"ffdd254\" data-element_type=\"widget\" data-widget_type=\"icon-box.default\">\n\t\t\t\t\t\t\t<div class=\"elementor-icon-box-wrapper\">\n\n\t\t\t\t\t\t<div class=\"elementor-icon-box-icon\">\n\t\t\t\t<span  class=\"elementor-icon\">\n\t\t\t\t<svg xmlns=\"http:\/\/www.w3.org\/2000\/svg\" width=\"18\" height=\"18\" viewbox=\"0 0 18 18\" fill=\"none\"><path fill-rule=\"evenodd\" clip-rule=\"evenodd\" d=\"M9 18C10.1819 18 11.3522 17.7672 12.4442 17.3149C13.5361 16.8626 14.5282 16.1997 15.364 15.364C16.1997 14.5282 16.8626 13.5361 17.3149 12.4442C17.7672 11.3522 18 10.1819 18 9C18 7.8181 17.7672 6.64778 17.3149 5.55585C16.8626 4.46392 16.1997 3.47177 15.364 2.63604C14.5282 1.80031 13.5361 1.13738 12.4442 0.685084C11.3522 0.232792 10.1819 -1.76116e-08 9 0C6.61305 3.55683e-08 4.32387 0.948211 2.63604 2.63604C0.948212 4.32387 0 6.61305 0 9C0 11.3869 0.948212 13.6761 2.63604 15.364C4.32387 17.0518 6.61305 18 9 18ZM8.768 12.64L13.768 6.64L12.232 5.36L7.932 10.519L5.707 8.293L4.293 9.707L7.293 12.707L8.067 13.481L8.768 12.64Z\" fill=\"black\"><\/path><\/svg>\t\t\t\t<\/span>\n\t\t\t<\/div>\n\t\t\t\n\t\t\t\t\t\t<div class=\"elementor-icon-box-content\">\n\n\t\t\t\t\t\t\t\t\t<h3 class=\"elementor-icon-box-title\">\n\t\t\t\t\t\t<span  >\n\t\t\t\t\t\t\tAfrontar un trauma o experi\u00e8ncia dolorosa.\t\t\t\t\t\t<\/span>\n\t\t\t\t\t<\/h3>\n\t\t\t\t\n\t\t\t\t\n\t\t\t<\/div>\n\t\t\t\n\t\t<\/div>\n\t\t\t\t\t\t<\/div>\n\t\t\t\t<\/div>\n\t\t<div class=\"elementor-element elementor-element-13eed56 e-con-full e-flex e-con e-child\" data-id=\"13eed56\" data-element_type=\"container\">\n\t\t\t\t<div class=\"elementor-element elementor-element-751c9c7 elementor-position-left elementor-view-default elementor-mobile-position-top elementor-widget elementor-widget-icon-box\" data-id=\"751c9c7\" data-element_type=\"widget\" data-widget_type=\"icon-box.default\">\n\t\t\t\t\t\t\t<div class=\"elementor-icon-box-wrapper\">\n\n\t\t\t\t\t\t<div class=\"elementor-icon-box-icon\">\n\t\t\t\t<span  class=\"elementor-icon\">\n\t\t\t\t<svg xmlns=\"http:\/\/www.w3.org\/2000\/svg\" width=\"18\" height=\"18\" viewbox=\"0 0 18 18\" fill=\"none\"><path fill-rule=\"evenodd\" clip-rule=\"evenodd\" d=\"M9 18C10.1819 18 11.3522 17.7672 12.4442 17.3149C13.5361 16.8626 14.5282 16.1997 15.364 15.364C16.1997 14.5282 16.8626 13.5361 17.3149 12.4442C17.7672 11.3522 18 10.1819 18 9C18 7.8181 17.7672 6.64778 17.3149 5.55585C16.8626 4.46392 16.1997 3.47177 15.364 2.63604C14.5282 1.80031 13.5361 1.13738 12.4442 0.685084C11.3522 0.232792 10.1819 -1.76116e-08 9 0C6.61305 3.55683e-08 4.32387 0.948211 2.63604 2.63604C0.948212 4.32387 0 6.61305 0 9C0 11.3869 0.948212 13.6761 2.63604 15.364C4.32387 17.0518 6.61305 18 9 18ZM8.768 12.64L13.768 6.64L12.232 5.36L7.932 10.519L5.707 8.293L4.293 9.707L7.293 12.707L8.067 13.481L8.768 12.64Z\" fill=\"black\"><\/path><\/svg>\t\t\t\t<\/span>\n\t\t\t<\/div>\n\t\t\t\n\t\t\t\t\t\t<div class=\"elementor-icon-box-content\">\n\n\t\t\t\t\t\t\t\t\t<h3 class=\"elementor-icon-box-title\">\n\t\t\t\t\t\t<span  >\n\t\t\t\t\t\t\tO senzillament treballar pel teu creixement personal.\t\t\t\t\t\t<\/span>\n\t\t\t\t\t<\/h3>\n\t\t\t\t\n\t\t\t\t\n\t\t\t<\/div>\n\t\t\t\n\t\t<\/div>\n\t\t\t\t\t\t<\/div>\n\t\t\t\t<\/div>\n\t\t\t\t<\/div>\n\t\t\t\t<\/div>\n\t\t<div class=\"elementor-element elementor-element-dac5959 e-con-full e-flex e-con e-child\" data-id=\"dac5959\" data-element_type=\"container\">\n\t\t\t\t<div class=\"elementor-element elementor-element-b176a09 elementor-widget__width-initial elementor-widget elementor-widget-text-editor\" data-id=\"b176a09\" data-element_type=\"widget\" data-widget_type=\"text-editor.default\">\n\t\t\t\t\t\t\t\t\t<p>Estic aqu\u00ed per ajudar-te i acompanyar-te en la gesti\u00f3 del teu dia a dia de manera m\u00e9s equilibrada i plena.<\/p>\t\t\t\t\t\t\t\t<\/div>\n\t\t\t\t<\/div>\n\t\t\t\t\t<\/div>\n\t\t\t\t<\/div>\n\t\t<div class=\"elementor-element elementor-element-69d72a8 e-flex e-con-boxed e-con e-parent\" data-id=\"69d72a8\" data-element_type=\"container\" data-settings=\"{&quot;background_background&quot;:&quot;classic&quot;}\">\n\t\t\t\t\t<div class=\"e-con-inner\">\n\t\t\t\t<div class=\"elementor-element elementor-element-f4969bb elementor-widget__width-initial elementor-widget-tablet__width-inherit elementor-widget elementor-widget-heading\" data-id=\"f4969bb\" data-element_type=\"widget\" data-widget_type=\"heading.default\">\n\t\t\t\t\t<h2 class=\"elementor-heading-title elementor-size-default\">Comencem junts un proc\u00e9s que t\u2019ajudar\u00e0 a viure d\u2019una manera m\u00e9s equilibrada, plena i conscient.<\/h2>\t\t\t\t<\/div>\n\t\t\t\t<div class=\"elementor-element elementor-element-567d899 elementor-widget__width-initial elementor-widget elementor-widget-text-editor\" data-id=\"567d899\" data-element_type=\"widget\" data-widget_type=\"text-editor.default\">\n\t\t\t\t\t\t\t\t\t<p>Et convido a contactar i agendar una primera sessi\u00f3<\/p>\t\t\t\t\t\t\t\t<\/div>\n\t\t\t\t<div class=\"elementor-element elementor-element-76ed69a elementor-align-center elementor-widget elementor-widget-button\" data-id=\"76ed69a\" data-element_type=\"widget\" data-widget_type=\"button.default\">\n\t\t\t\t\t\t\t\t\t\t<a class=\"elementor-button elementor-button-link elementor-size-sm\" href=\"https:\/\/www.thaisribopsicologia.com\/ca\/contacto\/\">\n\t\t\t\t\t\t<span class=\"elementor-button-content-wrapper\">\n\t\t\t\t\t\t\t\t\t<span class=\"elementor-button-text\">Contacte<\/span>\n\t\t\t\t\t<\/span>\n\t\t\t\t\t<\/a>\n\t\t\t\t\t\t\t\t<\/div>\n\t\t\t\t\t<\/div>\n\t\t\t\t<\/div>\n\t\t\t\t<\/div>","protected":false},"excerpt":{"rendered":"<p>Sobre Thais Rib\u00f3 Andorr\u00e0 Soy Thais Rib\u00f3 Andorr\u00e0, psic\u00f3loga colegiada, y mi vocaci\u00f3n es acompa\u00f1ar a las personas en su crecimiento personal, en la gesti\u00f3n de sus emociones y en la recuperaci\u00f3n del equilibrio psicol\u00f3gico. Creo profundamente que cada persona lleva dentro los recursos necesarios para superar las dificultades y conectar con su mejor versi\u00f3n. [&hellip;]<\/p>","protected":false},"author":1,"featured_media":0,"parent":0,"menu_order":0,"comment_status":"closed","ping_status":"closed","template":"","meta":{"footnotes":""},"class_list":["post-42","page","type-page","status-publish","hentry"],"_links":{"self":[{"href":"https:\/\/www.thaisribopsicologia.com\/ca\/wp-json\/wp\/v2\/pages\/42","targetHints":{"allow":["GET"]}}],"collection":[{"href":"https:\/\/www.thaisribopsicologia.com\/ca\/wp-json\/wp\/v2\/pages"}],"about":[{"href":"https:\/\/www.thaisribopsicologia.com\/ca\/wp-json\/wp\/v2\/types\/page"}],"author":[{"embeddable":true,"href":"https:\/\/www.thaisribopsicologia.com\/ca\/wp-json\/wp\/v2\/users\/1"}],"replies":[{"embeddable":true,"href":"https:\/\/www.thaisribopsicologia.com\/ca\/wp-json\/wp\/v2\/comments?post=42"}],"version-history":[{"count":169,"href":"https:\/\/www.thaisribopsicologia.com\/ca\/wp-json\/wp\/v2\/pages\/42\/revisions"}],"predecessor-version":[{"id":1373,"href":"https:\/\/www.thaisribopsicologia.com\/ca\/wp-json\/wp\/v2\/pages\/42\/revisions\/1373"}],"wp:attachment":[{"href":"https:\/\/www.thaisribopsicologia.com\/ca\/wp-json\/wp\/v2\/media?parent=42"}],"curies":[{"name":"wp","href":"https:\/\/api.w.org\/{rel}","templated":true}]}}