{"id":33,"date":"2024-08-12T16:08:07","date_gmt":"2024-08-12T14:08:07","guid":{"rendered":"https:\/\/www.thaisribopsicologia.com\/servicios\/"},"modified":"2025-12-01T20:13:40","modified_gmt":"2025-12-01T19:13:40","slug":"servicios","status":"publish","type":"page","link":"https:\/\/www.thaisribopsicologia.com\/ca\/servicios\/","title":{"rendered":"Serveis"},"content":{"rendered":"<div data-elementor-type=\"wp-page\" data-elementor-id=\"33\" class=\"elementor elementor-33\" data-elementor-post-type=\"page\">\n\t\t\t\t<div class=\"elementor-element elementor-element-7d0b70b e-flex e-con-boxed e-con e-parent\" data-id=\"7d0b70b\" data-element_type=\"container\" data-settings=\"{&quot;background_background&quot;:&quot;classic&quot;}\">\n\t\t\t\t\t<div class=\"e-con-inner\">\n\t\t\t\t<div class=\"elementor-element elementor-element-1cc8a43 elementor-widget-tablet__width-initial elementor-widget elementor-widget-heading\" data-id=\"1cc8a43\" data-element_type=\"widget\" data-widget_type=\"heading.default\">\n\t\t\t\t\t<h1 class=\"elementor-heading-title elementor-size-default\">Psicoter\u00e0pia des d'una perspectiva integradora<\/h1>\t\t\t\t<\/div>\n\t\t\t\t<div class=\"elementor-element elementor-element-d2e2196 elementor-widget-tablet__width-initial elementor-widget elementor-widget-heading\" data-id=\"d2e2196\" data-element_type=\"widget\" data-widget_type=\"heading.default\">\n\t\t\t\t\t<span class=\"elementor-heading-title elementor-size-default\">T'acompanyo en la millora del teu benestar i qualitat de vida<\/span>\t\t\t\t<\/div>\n\t\t\t\t\t<\/div>\n\t\t\t\t<\/div>\n\t\t<div class=\"elementor-element elementor-element-8fd517a e-flex e-con-boxed e-con e-parent\" data-id=\"8fd517a\" data-element_type=\"container\" id=\"inicio\" data-settings=\"{&quot;background_background&quot;:&quot;classic&quot;}\">\n\t\t\t\t\t<div class=\"e-con-inner\">\n\t\t\t\t<div class=\"elementor-element elementor-element-008da6b elementor-widget elementor-widget-heading\" data-id=\"008da6b\" data-element_type=\"widget\" data-widget_type=\"heading.default\">\n\t\t\t\t\t<h2 class=\"elementor-heading-title elementor-size-default\">Coneix els meus serveis<\/h2>\t\t\t\t<\/div>\n\t\t\t\t\t<\/div>\n\t\t\t\t<\/div>\n\t\t<div class=\"elementor-element elementor-element-dd424dd e-con-full e-flex e-con e-parent\" data-id=\"dd424dd\" data-element_type=\"container\" id=\"psicoterapia-individual\">\n\t\t<div class=\"elementor-element elementor-element-26c5932 e-con-full e-flex e-con e-child\" data-id=\"26c5932\" data-element_type=\"container\">\n\t\t\t\t<div class=\"elementor-element elementor-element-13eb344 elementor-widget elementor-widget-heading\" data-id=\"13eb344\" data-element_type=\"widget\" data-widget_type=\"heading.default\">\n\t\t\t\t\t<h2 class=\"elementor-heading-title elementor-size-default\">Psicoter\u00e0pia individual <\/h2>\t\t\t\t<\/div>\n\t\t\t\t<div class=\"elementor-element elementor-element-580940a elementor-widget elementor-widget-text-editor\" data-id=\"580940a\" data-element_type=\"widget\" data-widget_type=\"text-editor.default\">\n\t\t\t\t\t\t\t\t\t<p>La psicoter\u00e0pia individual \u00e9s un espai segur, confidencial i pensat per a tu, on podr\u00e0s explorar els teus pensaments, emocions i comportaments amb calma i respecte. <br \/><br \/>Durant les sessions, treballarem per comprendre millor qu\u00e8 t\u2019est\u00e0 passant, superar dificultats emocionals i desenvolupar eines que t\u2019ajudin a gestionar l\u2019estr\u00e8s i els reptes del dia a dia.<br \/><br \/>Aquest proc\u00e9s \u00e9s \u00fatil si est\u00e0s experimentant ansietat, tristesa, estr\u00e8s, o simplement vols con\u00e8ixer-te millor i millorar el teu benestar emocional. <br \/><br \/>Segons les teves necessitats i ritme, utilitzarem diferents enfocaments terap\u00e8utics adaptats a tu, per ajudar-te a cr\u00e9ixer emocionalment, guanyar claredat interior i trobar un equilibri m\u00e9s gran en la teva vida, amb el suport d\u2019un professional al teu costat.<\/p>\t\t\t\t\t\t\t\t<\/div>\n\t\t\t\t<\/div>\n\t\t<div class=\"elementor-element elementor-element-f782e0f e-con-full e-flex e-con e-child\" data-id=\"f782e0f\" data-element_type=\"container\">\n\t\t\t\t<div class=\"elementor-element elementor-element-a8bf265 elementor-widget elementor-widget-image\" data-id=\"a8bf265\" data-element_type=\"widget\" data-widget_type=\"image.default\">\n\t\t\t\t\t\t\t\t\t\t\t\t\t\t\t<img fetchpriority=\"high\" decoding=\"async\" width=\"943\" height=\"745\" src=\"https:\/\/www.thaisribopsicologia.com\/wp-content\/uploads\/2025\/11\/Servicios_04.jpg\" class=\"attachment-full size-full wp-image-1279\" alt=\"\" srcset=\"https:\/\/www.thaisribopsicologia.com\/wp-content\/uploads\/2025\/11\/Servicios_04.jpg 943w, https:\/\/www.thaisribopsicologia.com\/wp-content\/uploads\/2025\/11\/Servicios_04-300x237.jpg 300w, https:\/\/www.thaisribopsicologia.com\/wp-content\/uploads\/2025\/11\/Servicios_04-768x607.jpg 768w\" sizes=\"(max-width: 943px) 100vw, 943px\" \/>\t\t\t\t\t\t\t\t\t\t\t\t\t\t\t<\/div>\n\t\t\t\t<\/div>\n\t\t\t\t<\/div>\n\t\t<div class=\"elementor-element elementor-element-7224026 e-con-full e-flex e-con e-parent\" data-id=\"7224026\" data-element_type=\"container\" id=\"evalucion-orientacion-psicologica\" data-settings=\"{&quot;background_background&quot;:&quot;classic&quot;}\">\n\t\t<div class=\"elementor-element elementor-element-15372dc e-con-full e-flex e-con e-child\" data-id=\"15372dc\" data-element_type=\"container\">\n\t\t\t\t<div class=\"elementor-element elementor-element-7c44b83 elementor-widget elementor-widget-heading\" data-id=\"7c44b83\" data-element_type=\"widget\" data-widget_type=\"heading.default\">\n\t\t\t\t\t<h2 class=\"elementor-heading-title elementor-size-default\">Avaluaci\u00f3 i orientaci\u00f3 psicol\u00f3gica<\/h2>\t\t\t\t<\/div>\n\t\t\t\t<div class=\"elementor-element elementor-element-680bd40 elementor-widget elementor-widget-text-editor\" data-id=\"680bd40\" data-element_type=\"widget\" data-widget_type=\"text-editor.default\">\n\t\t\t\t\t\t\t\t\t<p>L\u2019avaluaci\u00f3 i orientaci\u00f3 psicol\u00f2gica \u00e9s el primer pas per comprendre qu\u00e8 t\u2019est\u00e0 passant i trobar el cam\u00ed m\u00e9s adequat cap al teu benestar emocional.<br \/><br \/>Durant aquest proc\u00e9s, t\u2019ajudar\u00e9 a identificar les teves necessitats emocionals i psicol\u00f2giques mitjan\u00e7ant entrevistes, q\u00fcestionaris i proves especialitzades, si \u00e9s necessari.<br \/><br \/>L\u2019objectiu \u00e9s obtenir una visi\u00f3 clara de la teva situaci\u00f3 actual, ja sigui que estiguis afrontant ansietat, estr\u00e8s, depressi\u00f3, dificultats en les relacions o simplement vulguis con\u00e8ixer-te millor.<br \/><br \/>A m\u00e9s, l\u2019orientaci\u00f3 psicol\u00f2gica t\u2019ofereix eines pr\u00e0ctiques per afrontar els reptes del dia a dia: gestionar l\u2019estr\u00e8s, millorar la comunicaci\u00f3, prendre decisions importants o superar moments de crisi. Aquest proc\u00e9s t\u2019ajuda a fer els primers passos cap al canvi i trobar solucions adaptades al teu ritme, amb suport professional constant.<\/p>\t\t\t\t\t\t\t\t<\/div>\n\t\t\t\t<\/div>\n\t\t<div class=\"elementor-element elementor-element-ca860fb e-con-full e-flex e-con e-child\" data-id=\"ca860fb\" data-element_type=\"container\">\n\t\t\t\t<div class=\"elementor-element elementor-element-2e8f651 elementor-widget elementor-widget-image\" data-id=\"2e8f651\" data-element_type=\"widget\" data-widget_type=\"image.default\">\n\t\t\t\t\t\t\t\t\t\t\t\t\t\t\t<img decoding=\"async\" width=\"1055\" height=\"710\" src=\"https:\/\/www.thaisribopsicologia.com\/wp-content\/uploads\/2025\/11\/imagen.jpg\" class=\"attachment-full size-full wp-image-1327\" alt=\"\" srcset=\"https:\/\/www.thaisribopsicologia.com\/wp-content\/uploads\/2025\/11\/imagen.jpg 1055w, https:\/\/www.thaisribopsicologia.com\/wp-content\/uploads\/2025\/11\/imagen-300x202.jpg 300w, https:\/\/www.thaisribopsicologia.com\/wp-content\/uploads\/2025\/11\/imagen-1024x689.jpg 1024w, https:\/\/www.thaisribopsicologia.com\/wp-content\/uploads\/2025\/11\/imagen-768x517.jpg 768w\" sizes=\"(max-width: 1055px) 100vw, 1055px\" \/>\t\t\t\t\t\t\t\t\t\t\t\t\t\t\t<\/div>\n\t\t\t\t<\/div>\n\t\t\t\t<\/div>\n\t\t<div class=\"elementor-element elementor-element-8342a7e e-con-full e-flex e-con e-parent\" data-id=\"8342a7e\" data-element_type=\"container\" id=\"evaluacion-tratamiento-psicopedagogico\">\n\t\t<div class=\"elementor-element elementor-element-78f872b e-con-full e-flex e-con e-child\" data-id=\"78f872b\" data-element_type=\"container\">\n\t\t\t\t<div class=\"elementor-element elementor-element-f187ae1 elementor-widget elementor-widget-heading\" data-id=\"f187ae1\" data-element_type=\"widget\" data-widget_type=\"heading.default\">\n\t\t\t\t\t<h2 class=\"elementor-heading-title elementor-size-default\">Avaluaci\u00f3 i tractament psicopedag\u00f2gic<\/h2>\t\t\t\t<\/div>\n\t\t\t\t<div class=\"elementor-element elementor-element-95c3d43 elementor-widget elementor-widget-text-editor\" data-id=\"95c3d43\" data-element_type=\"widget\" data-widget_type=\"text-editor.default\">\n\t\t\t\t\t\t\t\t\t<p>L\u2019avaluaci\u00f3 i tractament psicopedag\u00f2gic \u00e9s un proc\u00e9s integral per identificar dificultats d\u2019aprenentatge o de rendiment escolar i oferir un pla d\u2019intervenci\u00f3 personalitzat per ajudar al teu fill a superar-les.<\/p><p>Aquest servei \u00e9s especialment \u00fatil si el teu fill presenta problemes de concentraci\u00f3, falta de motivaci\u00f3 o dificultats acad\u00e8miques, o si sospites dificultats espec\u00edfiques com disl\u00e8xia, TDAH o discalc\u00falia.<\/p><p>Durant l\u2019avaluaci\u00f3 psicopedag\u00f2gica s\u2019analitzen aspectes com atenci\u00f3, mem\u00f2ria, habilitats cognitives, comprensi\u00f3 lectora, escriptura i estrat\u00e8gies d\u2019estudi, per despr\u00e9s dissenyar sessions adaptades al seu ritme i estil d\u2019aprenentatge.<\/p><p>Beneficis principals:<\/p><ul><li>Diagn\u00f2stic prec\u00eds de les dificultats d\u2019aprenentatge.<\/li><li>Intervenci\u00f3 personalitzada per millorar el rendiment escolar.<\/li><li>Desenvolupament d\u2019estrat\u00e8gies i t\u00e8cniques d\u2019estudi efectives.<\/li><li>Increment de la motivaci\u00f3 i confian\u00e7a en les seves capacitats.<\/li><\/ul><p>Aquest servei combina avaluaci\u00f3 i tractament per acompanyar el desenvolupament acad\u00e8mic i emocional del teu fill, ajudant-lo a superar obstacles i assolir el seu potencial.<\/p>\t\t\t\t\t\t\t\t<\/div>\n\t\t\t\t<\/div>\n\t\t<div class=\"elementor-element elementor-element-31ddb2a e-con-full e-flex e-con e-child\" data-id=\"31ddb2a\" data-element_type=\"container\">\n\t\t\t\t<div class=\"elementor-element elementor-element-a810d01 elementor-widget elementor-widget-image\" data-id=\"a810d01\" data-element_type=\"widget\" data-widget_type=\"image.default\">\n\t\t\t\t\t\t\t\t\t\t\t\t\t\t\t<img decoding=\"async\" width=\"797\" height=\"1000\" src=\"https:\/\/www.thaisribopsicologia.com\/wp-content\/uploads\/2025\/11\/Evaluacion-y-tratamiento-psicopedagogico.jpg\" class=\"attachment-full size-full wp-image-1328\" alt=\"\" srcset=\"https:\/\/www.thaisribopsicologia.com\/wp-content\/uploads\/2025\/11\/Evaluacion-y-tratamiento-psicopedagogico.jpg 797w, https:\/\/www.thaisribopsicologia.com\/wp-content\/uploads\/2025\/11\/Evaluacion-y-tratamiento-psicopedagogico-239x300.jpg 239w, https:\/\/www.thaisribopsicologia.com\/wp-content\/uploads\/2025\/11\/Evaluacion-y-tratamiento-psicopedagogico-768x964.jpg 768w\" sizes=\"(max-width: 797px) 100vw, 797px\" \/>\t\t\t\t\t\t\t\t\t\t\t\t\t\t\t<\/div>\n\t\t\t\t<\/div>\n\t\t\t\t<\/div>\n\t\t<div class=\"elementor-element elementor-element-51c2dd3 e-con-full e-flex e-con e-parent\" data-id=\"51c2dd3\" data-element_type=\"container\" id=\"psicologia-perinatal\" data-settings=\"{&quot;background_background&quot;:&quot;classic&quot;}\">\n\t\t<div class=\"elementor-element elementor-element-371bab8 e-con-full e-flex e-con e-child\" data-id=\"371bab8\" data-element_type=\"container\">\n\t\t\t\t<div class=\"elementor-element elementor-element-f2fffb2 elementor-widget elementor-widget-heading\" data-id=\"f2fffb2\" data-element_type=\"widget\" data-widget_type=\"heading.default\">\n\t\t\t\t\t<h2 class=\"elementor-heading-title elementor-size-default\">Psicologia perinatal i Acompanyament en tractament de reproducci\u00f3 assistida<\/h2>\t\t\t\t<\/div>\n\t\t\t\t<div class=\"elementor-element elementor-element-03588f8 elementor-widget elementor-widget-text-editor\" data-id=\"03588f8\" data-element_type=\"widget\" data-widget_type=\"text-editor.default\">\n\t\t\t\t\t\t\t\t\t<p>La psicologia perinatal acompanya les persones abans, durant i despr\u00e9s de l\u2019embar\u00e0s, aix\u00ed com en els processos de reproducci\u00f3 assistida, oferint suport emocional i estrat\u00e8gies per gestionar estr\u00e8s, ansietat i incertesa.<\/p><p>Aquest acompanyament \u00e9s \u00fatil tant en parella com individual, i t\u2019ofereix un espai segur, confidencial i lliure de judici per expressar emocions, pors i dubtes.<\/p><p>Objectius de les sessions:<\/p><ul><li>Abordar l\u2019impacte emocional dels tractaments de fertilitat en la vida personal i la\nparella.<\/li><li>Gestionar la incertesa i l\u2019estr\u00e8s, i donar suport a la presa de decisions informades.<\/li><li>Fomentar estrat\u00e8gies d\u2019autocura emocional per afrontar els alts i baixos del proc\u00e9s.<\/li><li>Acompanyar dol i frustraci\u00f3 si els resultats no s\u00f3n els esperats.<\/li><li>Afavorir l\u2019acceptaci\u00f3 i la comprensi\u00f3 de cada etapa del proc\u00e9s.<\/li><\/ul><p>Beneficis:<\/p><ul><li>Reducci\u00f3 de l\u2019estr\u00e8s i ansietat durant el tractament.<\/li><li>Millora de la comunicaci\u00f3 i comprensi\u00f3 emocional en la parella.<\/li><li>Suport emocional i claredat en la presa de decisions.<\/li><li>Major resili\u00e8ncia i capacitat d\u2019adaptaci\u00f3 davant els resultats.<\/li><li>Sensaci\u00f3 de companyia i validaci\u00f3 en un proc\u00e9s sovint viscut en silenci.<\/li><\/ul><p>L'acompanyament psicol\u00f2gic perinatal permet sentir-se recolzat, gestionar les emocions i afrontar el proc\u00e9s amb m\u00e9s calma i seguretat, connectant amb el propi benestar i el futur nad\u00f3 de manera conscient i saludable.<\/p>\t\t\t\t\t\t\t\t<\/div>\n\t\t\t\t<\/div>\n\t\t<div class=\"elementor-element elementor-element-727ec30 e-con-full e-flex e-con e-child\" data-id=\"727ec30\" data-element_type=\"container\">\n\t\t\t\t<div class=\"elementor-element elementor-element-a6405fa elementor-widget elementor-widget-image\" data-id=\"a6405fa\" data-element_type=\"widget\" data-widget_type=\"image.default\">\n\t\t\t\t\t\t\t\t\t\t\t\t\t\t\t<img loading=\"lazy\" decoding=\"async\" width=\"640\" height=\"762\" src=\"https:\/\/www.thaisribopsicologia.com\/wp-content\/uploads\/2025\/08\/vbnvbnvbnvb.jpg\" class=\"attachment-full size-full wp-image-873\" alt=\"\" srcset=\"https:\/\/www.thaisribopsicologia.com\/wp-content\/uploads\/2025\/08\/vbnvbnvbnvb.jpg 640w, https:\/\/www.thaisribopsicologia.com\/wp-content\/uploads\/2025\/08\/vbnvbnvbnvb-252x300.jpg 252w\" sizes=\"(max-width: 640px) 100vw, 640px\" \/>\t\t\t\t\t\t\t\t\t\t\t\t\t\t\t<\/div>\n\t\t\t\t<\/div>\n\t\t\t\t<\/div>\n\t\t<div class=\"elementor-element elementor-element-a56d1bc e-flex e-con-boxed e-con e-parent\" data-id=\"a56d1bc\" data-element_type=\"container\" data-settings=\"{&quot;background_background&quot;:&quot;classic&quot;}\">\n\t\t\t\t\t<div class=\"e-con-inner\">\n\t\t\t\t<div class=\"elementor-element elementor-element-aa91734 elementor-widget__width-initial elementor-widget elementor-widget-heading\" data-id=\"aa91734\" data-element_type=\"widget\" data-widget_type=\"heading.default\">\n\t\t\t\t\t<h2 class=\"elementor-heading-title elementor-size-default\">Et convido a contactar i agendar una primera sessi\u00f3<\/h2>\t\t\t\t<\/div>\n\t\t\t\t<div class=\"elementor-element elementor-element-3c30eda elementor-widget elementor-widget-text-editor\" data-id=\"3c30eda\" data-element_type=\"widget\" data-widget_type=\"text-editor.default\">\n\t\t\t\t\t\t\t\t\t<p>\u00c9s hora de comen\u00e7ar amb aquest nou cam\u00ed cap al teu benestar.<\/p>\t\t\t\t\t\t\t\t<\/div>\n\t\t\t\t<div class=\"elementor-element elementor-element-f1439e2 elementor-align-center elementor-widget elementor-widget-button\" data-id=\"f1439e2\" data-element_type=\"widget\" data-widget_type=\"button.default\">\n\t\t\t\t\t\t\t\t\t\t<a class=\"elementor-button elementor-button-link elementor-size-sm\" href=\"https:\/\/www.thaisribopsicologia.com\/ca\/contacto\/\">\n\t\t\t\t\t\t<span class=\"elementor-button-content-wrapper\">\n\t\t\t\t\t\t\t\t\t<span class=\"elementor-button-text\">Contacta<\/span>\n\t\t\t\t\t<\/span>\n\t\t\t\t\t<\/a>\n\t\t\t\t\t\t\t\t<\/div>\n\t\t\t\t\t<\/div>\n\t\t\t\t<\/div>\n\t\t\t\t<\/div>","protected":false},"excerpt":{"rendered":"<p>Psicoterapia desde una perspectiva integradora Te acompa\u00f1o en la mejora de tu bienestar y calidad de vida Conoce mis servicios Psicoterapia individual La psicoterapia individual es un espacio seguro y confidencial pensado para ti, donde podr\u00e1s explorar tus pensamientos, emociones y comportamientos. A lo largo de las sesiones, el objetivo es ayudarte a comprender mejor [&hellip;]<\/p>","protected":false},"author":1,"featured_media":0,"parent":0,"menu_order":0,"comment_status":"closed","ping_status":"closed","template":"","meta":{"footnotes":""},"class_list":["post-33","page","type-page","status-publish","hentry"],"_links":{"self":[{"href":"https:\/\/www.thaisribopsicologia.com\/ca\/wp-json\/wp\/v2\/pages\/33","targetHints":{"allow":["GET"]}}],"collection":[{"href":"https:\/\/www.thaisribopsicologia.com\/ca\/wp-json\/wp\/v2\/pages"}],"about":[{"href":"https:\/\/www.thaisribopsicologia.com\/ca\/wp-json\/wp\/v2\/types\/page"}],"author":[{"embeddable":true,"href":"https:\/\/www.thaisribopsicologia.com\/ca\/wp-json\/wp\/v2\/users\/1"}],"replies":[{"embeddable":true,"href":"https:\/\/www.thaisribopsicologia.com\/ca\/wp-json\/wp\/v2\/comments?post=33"}],"version-history":[{"count":181,"href":"https:\/\/www.thaisribopsicologia.com\/ca\/wp-json\/wp\/v2\/pages\/33\/revisions"}],"predecessor-version":[{"id":1394,"href":"https:\/\/www.thaisribopsicologia.com\/ca\/wp-json\/wp\/v2\/pages\/33\/revisions\/1394"}],"wp:attachment":[{"href":"https:\/\/www.thaisribopsicologia.com\/ca\/wp-json\/wp\/v2\/media?parent=33"}],"curies":[{"name":"wp","href":"https:\/\/api.w.org\/{rel}","templated":true}]}}