{"id":256,"date":"2024-11-19T18:04:57","date_gmt":"2024-11-19T17:04:57","guid":{"rendered":"https:\/\/www.thaisribopsicologia.com\/?page_id=256"},"modified":"2024-12-09T22:19:15","modified_gmt":"2024-12-09T21:19:15","slug":"citas","status":"publish","type":"page","link":"https:\/\/www.thaisribopsicologia.com\/ca\/citas\/","title":{"rendered":"Citas"},"content":{"rendered":"<div data-elementor-type=\"wp-page\" data-elementor-id=\"256\" class=\"elementor elementor-256\" data-elementor-post-type=\"page\">\n\t\t\t\t<div class=\"elementor-element elementor-element-2f65c2de e-con-full e-flex e-con e-parent\" data-id=\"2f65c2de\" data-element_type=\"container\" data-settings=\"{&quot;background_background&quot;:&quot;classic&quot;}\">\n\t\t<div class=\"elementor-element elementor-element-6af6951a e-flex e-con-boxed e-con e-child\" data-id=\"6af6951a\" data-element_type=\"container\">\n\t\t\t\t\t<div class=\"e-con-inner\">\n\t\t\t\t<div class=\"elementor-element elementor-element-775f6bed elementor-widget elementor-widget-heading\" data-id=\"775f6bed\" data-element_type=\"widget\" data-widget_type=\"heading.default\">\n\t\t\t\t\t<h1 class=\"elementor-heading-title elementor-size-default\">Reserva tu cita<\/h1>\t\t\t\t<\/div>\n\t\t\t\t\t<\/div>\n\t\t\t\t<\/div>\n\t\t\t\t<\/div>\n\t\t<div class=\"elementor-element elementor-element-c34c252 e-flex e-con-boxed e-con e-parent\" data-id=\"c34c252\" data-element_type=\"container\">\n\t\t\t\t\t<div class=\"e-con-inner\">\n\t\t<div class=\"elementor-element elementor-element-a268893 e-con-full e-flex e-con e-child\" data-id=\"a268893\" data-element_type=\"container\">\n\t\t\t\t<\/div>\n\t\t\t\t\t<\/div>\n\t\t\t\t<\/div>\n\t\t\t\t<\/div>","protected":false},"excerpt":{"rendered":"<p>Reserva tu cita Selecciona un servicio Acompa\u00f1amiento en Tratamientos de Reproducci\u00f3n Asistida (TRA)Evaluaci\u00f3n y tratamiento psicopedag\u00f3gicoEvaluaci\u00f3n y orientaci\u00f3n psicol\u00f3gicaPsicoterapia individual Nombre Telefono Appointment details: Please, select the service first. Please, select the provider first. Please set service field for current calendar Sorry. You have the max number of appointments. E-mail Enviar<\/p>","protected":false},"author":1,"featured_media":77,"parent":0,"menu_order":0,"comment_status":"closed","ping_status":"closed","template":"","meta":{"footnotes":""},"class_list":["post-256","page","type-page","status-publish","has-post-thumbnail","hentry"],"_links":{"self":[{"href":"https:\/\/www.thaisribopsicologia.com\/ca\/wp-json\/wp\/v2\/pages\/256","targetHints":{"allow":["GET"]}}],"collection":[{"href":"https:\/\/www.thaisribopsicologia.com\/ca\/wp-json\/wp\/v2\/pages"}],"about":[{"href":"https:\/\/www.thaisribopsicologia.com\/ca\/wp-json\/wp\/v2\/types\/page"}],"author":[{"embeddable":true,"href":"https:\/\/www.thaisribopsicologia.com\/ca\/wp-json\/wp\/v2\/users\/1"}],"replies":[{"embeddable":true,"href":"https:\/\/www.thaisribopsicologia.com\/ca\/wp-json\/wp\/v2\/comments?post=256"}],"version-history":[{"count":10,"href":"https:\/\/www.thaisribopsicologia.com\/ca\/wp-json\/wp\/v2\/pages\/256\/revisions"}],"predecessor-version":[{"id":611,"href":"https:\/\/www.thaisribopsicologia.com\/ca\/wp-json\/wp\/v2\/pages\/256\/revisions\/611"}],"wp:featuredmedia":[{"embeddable":true,"href":"https:\/\/www.thaisribopsicologia.com\/ca\/wp-json\/wp\/v2\/media\/77"}],"wp:attachment":[{"href":"https:\/\/www.thaisribopsicologia.com\/ca\/wp-json\/wp\/v2\/media?parent=256"}],"curies":[{"name":"wp","href":"https:\/\/api.w.org\/{rel}","templated":true}]}}